{"id":130,"date":"2025-01-14T10:29:47","date_gmt":"2025-01-14T10:29:47","guid":{"rendered":"https:\/\/makronkyhrave.ludekvesely.cz\/?page_id=130"},"modified":"2025-01-16T11:44:20","modified_gmt":"2025-01-16T11:44:20","slug":"barviva-a-zdobeni","status":"publish","type":"page","link":"https:\/\/makronkyhrave.ludekvesely.cz\/?page_id=130","title":{"rendered":"Barviva a zdoben\u00ed"},"content":{"rendered":"\n<div class=\"wp-block-cover alignwide\" style=\"min-height:234px;aspect-ratio:unset;\"><span aria-hidden=\"true\" class=\"wp-block-cover__background has-background-dim\"><\/span><img loading=\"lazy\" decoding=\"async\" width=\"1024\" height=\"686\" class=\"wp-block-cover__image-background wp-image-95\" alt=\"\" src=\"https:\/\/makronkyhrave.ludekvesely.cz\/wp-content\/uploads\/2025\/01\/holi-300343_1280-1024x686.jpg\" data-object-fit=\"cover\" srcset=\"https:\/\/makronkyhrave.ludekvesely.cz\/wp-content\/uploads\/2025\/01\/holi-300343_1280-1024x686.jpg 1024w, https:\/\/makronkyhrave.ludekvesely.cz\/wp-content\/uploads\/2025\/01\/holi-300343_1280-300x201.jpg 300w, https:\/\/makronkyhrave.ludekvesely.cz\/wp-content\/uploads\/2025\/01\/holi-300343_1280-768x514.jpg 768w, https:\/\/makronkyhrave.ludekvesely.cz\/wp-content\/uploads\/2025\/01\/holi-300343_1280.jpg 1280w\" sizes=\"auto, (max-width: 1024px) 100vw, 1024px\" \/><div class=\"wp-block-cover__inner-container is-layout-flow wp-block-cover-is-layout-flow\">\n<p class=\"has-text-align-center is-style-text-subtitle has-x-large-font-size is-style-text-subtitle--1\">Barviva<\/p>\n\n\n\n<p class=\"has-text-align-center\">V\u00edte, \u017ee v\u011bt\u0161ina potravin\u00e1\u0159sk\u00fdch barev obsahuje l\u00e1tky, kter\u00e9 jsou <strong>pro d\u011bti zcela nevhodn\u00e9?<\/strong><\/p>\n<\/div><\/div>\n\n\n\n<p class=\"is-style-default\">Kdy\u017e nen\u00ed zbyt\u00ed a je popt\u00e1vka po barv\u00e1ch, sna\u017e\u00edm se <strong>s\u00e1hnout po <a href=\"https:\/\/www.pastry.cz\/barva-sosa-v-prasku-rozpustna-ve-vode-prirodni-fialova-50g-2\/\">p\u0159\u00edrodn\u00edch barv\u00e1ch<\/a>,<\/strong> kter\u00e9 jsem ned\u00e1vno objevila. Jsou sice dra\u0159\u0161\u00ed, ale pro d\u011bti vhodn\u011bj\u0161\u00ed. Nav\u00edc si udr\u017e\u00ed barvu i p\u0159i vy\u0161\u0161\u00edch teplot\u00e1ch (co\u017e nap\u0159. modr\u00e1 spirul\u00edna nezvl\u00e1dne).<\/p>\n\n\n\n<p>Jeliko\u017e ale<strong> <\/strong>barviva nedod\u00e1vaj\u00ed do makronek \u017e\u00e1dnou chu\u0165,<strong> <\/strong>sna\u017e\u00edm se makronky<strong> barvit kakaem, sko\u0159ic\u00ed, pern\u00ed\u010dkov\u00fdm ko\u0159en\u00edm <\/strong>nebo t\u0159eba <strong>m\u00e1kem<\/strong>. Dosp\u011bl\u00ed v\u011bt\u0161inou pastelov\u00e9 barvy makronek nevy\u017eaduj\u00ed. S d\u011btmi je to slo\u017eit\u011bj\u0161\u00ed. Kdy\u017e ale pastelov\u00e9 barvy nejsou, spokoj\u00ed se i s p\u0159\u00edrodn\u00ed variantou.<\/p>\n\n\n\n<div class=\"wp-block-media-text alignwide is-stacked-on-mobile\"><figure class=\"wp-block-media-text__media\"><img loading=\"lazy\" decoding=\"async\" width=\"640\" height=\"360\" src=\"https:\/\/makronkyhrave.ludekvesely.cz\/wp-content\/uploads\/2025\/01\/IMG_7022-edited-1.png\" alt=\"\" class=\"wp-image-106 size-full\" srcset=\"https:\/\/makronkyhrave.ludekvesely.cz\/wp-content\/uploads\/2025\/01\/IMG_7022-edited-1.png 640w, https:\/\/makronkyhrave.ludekvesely.cz\/wp-content\/uploads\/2025\/01\/IMG_7022-edited-1-300x169.png 300w\" sizes=\"auto, (max-width: 640px) 100vw, 640px\" \/><\/figure><div class=\"wp-block-media-text__content\">\n<p>Makronky m\u016f\u017eete <strong>ozdobit i posypem<\/strong>. T\u0159eba grili\u00e1\u0161em, rozdrcen\u00fdmi su\u0161enkami, nebo jedn\u00fdmi kv\u011bty. Jen nezapome\u0148te na del\u0161\u00ed dobu schnut\u00ed p\u0159ed pe\u010den\u00edm.<\/p>\n<\/div><\/div>\n\n\n\n<div class=\"wp-block-media-text alignwide is-stacked-on-mobile\"><figure class=\"wp-block-media-text__media\"><img loading=\"lazy\" decoding=\"async\" width=\"1024\" height=\"685\" src=\"https:\/\/makronkyhrave.ludekvesely.cz\/wp-content\/uploads\/2025\/01\/DSC01082-1024x685.png\" alt=\"\" class=\"wp-image-117 size-full\" srcset=\"https:\/\/makronkyhrave.ludekvesely.cz\/wp-content\/uploads\/2025\/01\/DSC01082-1024x685.png 1024w, https:\/\/makronkyhrave.ludekvesely.cz\/wp-content\/uploads\/2025\/01\/DSC01082-300x201.png 300w, https:\/\/makronkyhrave.ludekvesely.cz\/wp-content\/uploads\/2025\/01\/DSC01082-768x514.png 768w, https:\/\/makronkyhrave.ludekvesely.cz\/wp-content\/uploads\/2025\/01\/DSC01082.png 1280w\" sizes=\"auto, (max-width: 1024px) 100vw, 1024px\" \/><\/figure><div class=\"wp-block-media-text__content\">\n<p>Pokud chcete pou\u017e\u00edt potravin\u00e1\u0159sk\u00e9 barvivo, a z\u00e1rove\u0148 ho chcete do makronek d\u00e1t co nejm\u00e9n\u011b, m\u016f\u017eete <strong>obarvit jen polovinu sko\u0159\u00e1pek.<\/strong><\/p>\n<\/div><\/div>\n\n\n\n<div class=\"wp-block-media-text alignwide is-stacked-on-mobile\"><figure class=\"wp-block-media-text__media\"><img loading=\"lazy\" decoding=\"async\" width=\"568\" height=\"426\" src=\"https:\/\/makronkyhrave.ludekvesely.cz\/wp-content\/uploads\/2025\/01\/IMG_7304-edited-1.png\" alt=\"\" class=\"wp-image-115 size-full\" srcset=\"https:\/\/makronkyhrave.ludekvesely.cz\/wp-content\/uploads\/2025\/01\/IMG_7304-edited-1.png 568w, https:\/\/makronkyhrave.ludekvesely.cz\/wp-content\/uploads\/2025\/01\/IMG_7304-edited-1-300x225.png 300w\" sizes=\"auto, (max-width: 568px) 100vw, 568px\" \/><\/figure><div class=\"wp-block-media-text__content\">\n<p>Trouchu z nouce cnost m\u016f\u017ee b\u00fdt i <strong>dvoubarevn\u00e1 makronka.<\/strong><\/p>\n<\/div><\/div>\n\n\n\n<p class=\"has-text-align-center\"><\/p>\n\n\n\n<div class=\"wp-block-media-text alignwide is-stacked-on-mobile\" style=\"grid-template-columns:35% auto\"><figure class=\"wp-block-media-text__media\"><img loading=\"lazy\" decoding=\"async\" width=\"391\" height=\"385\" src=\"https:\/\/makronkyhrave.ludekvesely.cz\/wp-content\/uploads\/2025\/01\/IMG_9843-2.png\" alt=\"\" class=\"wp-image-127 size-full\" srcset=\"https:\/\/makronkyhrave.ludekvesely.cz\/wp-content\/uploads\/2025\/01\/IMG_9843-2.png 391w, https:\/\/makronkyhrave.ludekvesely.cz\/wp-content\/uploads\/2025\/01\/IMG_9843-2-300x295.png 300w\" sizes=\"auto, (max-width: 391px) 100vw, 391px\" \/><\/figure><div class=\"wp-block-media-text__content\">\n<p>Zdobit se ale daj\u00ed makronky i po upe\u010den\u00ed. M\u016f\u017eete na n\u011b d\u00e1t <strong>jedl\u00e9 zlato <\/strong>nebo <strong>post\u0159\u00edkat \u010dokol\u00e1dou<\/strong> a p\u0159idat <strong>posyp<\/strong>.<\/p>\n<\/div><\/div>\n\n\n\n<p>Uzn\u00e1v\u00e1m, \u017ee makronky s po\u0159\u00e1dnou n\u00e1lo\u017e\u00ed barev prost\u011b vypadaj\u00ed l\u00e9pe \ud83d\ude42 Je asi jedno, zda s\u00e1hnete po gelov\u00fdch, nebo prachov\u00fdch barv\u00e1ch. Jen doporu\u010duji kupovat barvy v cukr\u00e1\u0159sk\u00fdch obchodech. Sta\u010d\u00ed jich mali\u010dko, tak\u017ee v\u00e1m skoro nezm\u011bn\u00ed konzistenci t\u011bsta. Barvy ze supermarketu b\u011bhem pe\u010den\u00ed v\u011bt\u0161inou zhn\u011bdnou.<\/p>\n\n\n\n<figure class=\"wp-block-gallery alignwide has-nested-images columns-5 is-cropped wp-block-gallery-2 is-layout-flex wp-block-gallery-is-layout-flex\">\n<figure class=\"wp-block-image size-large\"><img loading=\"lazy\" decoding=\"async\" width=\"1024\" height=\"768\" data-id=\"119\" src=\"https:\/\/makronkyhrave.ludekvesely.cz\/wp-content\/uploads\/2025\/01\/IMG_9785-1024x768.png\" alt=\"\" class=\"wp-image-119\" srcset=\"https:\/\/makronkyhrave.ludekvesely.cz\/wp-content\/uploads\/2025\/01\/IMG_9785-1024x768.png 1024w, https:\/\/makronkyhrave.ludekvesely.cz\/wp-content\/uploads\/2025\/01\/IMG_9785-300x225.png 300w, https:\/\/makronkyhrave.ludekvesely.cz\/wp-content\/uploads\/2025\/01\/IMG_9785-768x576.png 768w, https:\/\/makronkyhrave.ludekvesely.cz\/wp-content\/uploads\/2025\/01\/IMG_9785.png 1280w\" sizes=\"auto, (max-width: 1024px) 100vw, 1024px\" \/><\/figure>\n\n\n\n<figure class=\"wp-block-image size-large\"><img loading=\"lazy\" decoding=\"async\" width=\"1024\" height=\"768\" data-id=\"118\" src=\"https:\/\/makronkyhrave.ludekvesely.cz\/wp-content\/uploads\/2025\/01\/IMG_7709-1024x768.png\" alt=\"\" class=\"wp-image-118\" srcset=\"https:\/\/makronkyhrave.ludekvesely.cz\/wp-content\/uploads\/2025\/01\/IMG_7709-1024x768.png 1024w, https:\/\/makronkyhrave.ludekvesely.cz\/wp-content\/uploads\/2025\/01\/IMG_7709-300x225.png 300w, https:\/\/makronkyhrave.ludekvesely.cz\/wp-content\/uploads\/2025\/01\/IMG_7709-768x576.png 768w, https:\/\/makronkyhrave.ludekvesely.cz\/wp-content\/uploads\/2025\/01\/IMG_7709.png 1280w\" sizes=\"auto, (max-width: 1024px) 100vw, 1024px\" \/><\/figure>\n\n\n\n<figure class=\"wp-block-image size-full\"><img loading=\"lazy\" decoding=\"async\" width=\"480\" height=\"640\" data-id=\"121\" src=\"https:\/\/makronkyhrave.ludekvesely.cz\/wp-content\/uploads\/2025\/01\/IMG_7434-1.png\" alt=\"\" class=\"wp-image-121\" srcset=\"https:\/\/makronkyhrave.ludekvesely.cz\/wp-content\/uploads\/2025\/01\/IMG_7434-1.png 480w, https:\/\/makronkyhrave.ludekvesely.cz\/wp-content\/uploads\/2025\/01\/IMG_7434-1-225x300.png 225w\" sizes=\"auto, (max-width: 480px) 100vw, 480px\" \/><\/figure>\n\n\n\n<figure class=\"wp-block-image size-full\"><img loading=\"lazy\" decoding=\"async\" width=\"434\" height=\"244\" data-id=\"123\" src=\"https:\/\/makronkyhrave.ludekvesely.cz\/wp-content\/uploads\/2025\/01\/9EE94606-58BB-4F1D-97FD-4700FC54DBB3-edited.png\" alt=\"\" class=\"wp-image-123\" srcset=\"https:\/\/makronkyhrave.ludekvesely.cz\/wp-content\/uploads\/2025\/01\/9EE94606-58BB-4F1D-97FD-4700FC54DBB3-edited.png 434w, https:\/\/makronkyhrave.ludekvesely.cz\/wp-content\/uploads\/2025\/01\/9EE94606-58BB-4F1D-97FD-4700FC54DBB3-edited-300x169.png 300w\" sizes=\"auto, (max-width: 434px) 100vw, 434px\" \/><\/figure>\n\n\n\n<figure class=\"wp-block-image size-full\"><img loading=\"lazy\" decoding=\"async\" width=\"480\" height=\"640\" data-id=\"124\" src=\"https:\/\/makronkyhrave.ludekvesely.cz\/wp-content\/uploads\/2025\/01\/IMG_9223.png\" alt=\"\" class=\"wp-image-124\" srcset=\"https:\/\/makronkyhrave.ludekvesely.cz\/wp-content\/uploads\/2025\/01\/IMG_9223.png 480w, https:\/\/makronkyhrave.ludekvesely.cz\/wp-content\/uploads\/2025\/01\/IMG_9223-225x300.png 225w\" sizes=\"auto, (max-width: 480px) 100vw, 480px\" \/><\/figure>\n<\/figure>\n","protected":false},"excerpt":{"rendered":"<p>Kdy\u017e nen\u00ed zbyt\u00ed a je popt\u00e1vka po barv\u00e1ch, sna\u017e\u00edm se s\u00e1hnout po p\u0159\u00edrodn\u00edch barv\u00e1ch, kter\u00e9 jsem ned\u00e1vno objevila. Jsou sice dra\u0159\u0161\u00ed, ale pro d\u011bti vhodn\u011bj\u0161\u00ed. Nav\u00edc si udr\u017e\u00ed barvu i p\u0159i vy\u0161\u0161\u00edch teplot\u00e1ch (co\u017e nap\u0159. modr\u00e1 spirul\u00edna nezvl\u00e1dne). Jeliko\u017e ale barviva nedod\u00e1vaj\u00ed do makronek \u017e\u00e1dnou chu\u0165, sna\u017e\u00edm se makronky barvit kakaem, sko\u0159ic\u00ed, pern\u00ed\u010dkov\u00fdm ko\u0159en\u00edm nebo [&hellip;]<\/p>\n","protected":false},"author":1,"featured_media":0,"parent":0,"menu_order":0,"comment_status":"closed","ping_status":"closed","template":"","meta":{"footnotes":""},"class_list":["post-130","page","type-page","status-publish","hentry"],"_links":{"self":[{"href":"https:\/\/makronkyhrave.ludekvesely.cz\/index.php?rest_route=\/wp\/v2\/pages\/130","targetHints":{"allow":["GET"]}}],"collection":[{"href":"https:\/\/makronkyhrave.ludekvesely.cz\/index.php?rest_route=\/wp\/v2\/pages"}],"about":[{"href":"https:\/\/makronkyhrave.ludekvesely.cz\/index.php?rest_route=\/wp\/v2\/types\/page"}],"author":[{"embeddable":true,"href":"https:\/\/makronkyhrave.ludekvesely.cz\/index.php?rest_route=\/wp\/v2\/users\/1"}],"replies":[{"embeddable":true,"href":"https:\/\/makronkyhrave.ludekvesely.cz\/index.php?rest_route=%2Fwp%2Fv2%2Fcomments&post=130"}],"version-history":[{"count":8,"href":"https:\/\/makronkyhrave.ludekvesely.cz\/index.php?rest_route=\/wp\/v2\/pages\/130\/revisions"}],"predecessor-version":[{"id":144,"href":"https:\/\/makronkyhrave.ludekvesely.cz\/index.php?rest_route=\/wp\/v2\/pages\/130\/revisions\/144"}],"wp:attachment":[{"href":"https:\/\/makronkyhrave.ludekvesely.cz\/index.php?rest_route=%2Fwp%2Fv2%2Fmedia&parent=130"}],"curies":[{"name":"wp","href":"https:\/\/api.w.org\/{rel}","templated":true}]}}