{"id":145,"date":"2025-01-17T13:14:02","date_gmt":"2025-01-17T13:14:02","guid":{"rendered":"https:\/\/makronkyhrave.ludekvesely.cz\/?page_id=145"},"modified":"2025-07-22T13:44:59","modified_gmt":"2025-07-22T13:44:59","slug":"naplne","status":"publish","type":"page","link":"https:\/\/makronkyhrave.ludekvesely.cz\/?page_id=145","title":{"rendered":"N\u00e1pln\u011b"},"content":{"rendered":"\n<h2 class=\"wp-block-heading\">Dubaisk\u00e1 \u010dokol\u00e1da (na cca 30-35 makronek)<\/h2>\n\n\n\n\n\n<p><strong>Ml\u00e9\u010dn\u00e1 \u010dokol\u00e1da <\/strong><\/p>\n\n\n\n<ul class=\"wp-block-list\">\n<li>125g smetany<\/li>\n\n\n\n<li>10g gluk\u00f3zov\u00e9ho sirupu<\/li>\n\n\n\n<li>170 g ml\u00e9\u010dn\u00e9 40% \u010dokol\u00e1dy (Arriba z Grizlyho)<\/li>\n\n\n\n<li>25 g m\u00e1sla<\/li>\n<\/ul>\n\n\n\n<blockquote class=\"wp-block-quote is-layout-flow wp-block-quote-is-layout-flow\">\n<p><em>Vezmi <strong>hnec<\/strong>, dej do n\u011bj <strong>125g smetany<\/strong> a <strong>10g gluk\u00f3zov\u00e9ho sirupu<\/strong>. <strong>Zah\u0159ej to na plotn\u011b<\/strong> tak, aby to bylo dost tepl\u00fd, ale ne va\u0159i\u010d\u00ed (cca 60<span style=\"letter-spacing: normal; white-space: normal; caret-color: rgb(31, 31, 31); color: rgb(31, 31, 31); font-family: &quot;Google Sans&quot;, &quot;Helvetica Neue&quot;, sans-serif; font-size: 20px;\">\u00b0C<\/span>). Vypni plotnu, <strong>p\u0159iho\u010f 170 g ml\u00e9\u010dn\u00e9 \u010dokol\u00e1dy a v kl\u00edde\u010dku m\u00edchej<\/strong>, ne\u017e se \u010dokol\u00e1da rozpust\u00ed. Kdy\u017e se v\u0161e hezky spoj\u00ed a sm\u011bs u\u017e nen\u00ed tak hork\u00e1 (m\u00e1 kolem 40\u00b0C), <strong>p\u0159idej 25g m\u00e1sla <\/strong>(doporu\u010duju nakr\u00e1jet na men\u0161\u00ed kousky, l\u00edp se ti rozpust\u00ed). \u00a0Kdy\u017e se m\u00e1slo rozpust\u00ed, p\u0159elej do misky a p\u0159ekrej potravin\u00e1\u0159skou foli\u00ed tak, aby se folie dot\u00fdkala \u010dokol\u00e1dov\u00e9 ganach. Nech v lednici stuhnout (p\u00e1r hodin to potrv\u00e1, ide\u00e1ln\u011b to nech do druh\u00e9ho dne).<\/em><\/p>\n<\/blockquote>\n\n\n\n<p><strong>Dubaisk\u00fd st\u0159ed<\/strong><\/p>\n\n\n\n<ul class=\"wp-block-list\">\n<li>15 g kadayif nudl\u00ed <\/li>\n\n\n\n<li>7,5 g tahini<\/li>\n\n\n\n<li>52 g pist\u00e1ciov\u00e9 pasty (Pozor jakou pou\u017eije\u0161, m\u011b se odv\u011b\u010dil jedin\u011b \u017dufan)<\/li>\n<\/ul>\n\n\n\n<blockquote class=\"wp-block-quote is-layout-flow wp-block-quote-is-layout-flow\">\n<p><em>V\u0161echny suroviny sm\u00edchej v hrne\u010dku<\/em>. To\u0165 v\u0161e.<\/p>\n<\/blockquote>\n\n\n\n<p>Sko\u0159\u00e1pk\u00e1m d\u011bl\u00e1m nejprve \u010dokol\u00e1dov\u00fd okraj a doprost\u0159ed pak d\u00e1v\u00e1m dubaiskou n\u00e1pl\u0148. <\/p>\n\n\n\n<p>Napln\u011bn\u00e9 makronky m\u016f\u017ee\u0161 namo\u010dit do rozeh\u0159\u00e1t\u00e9 \u010dokol\u00e1dy a posypat pist\u00e1ciema. Pozor, \u010dokol\u00e1du zah\u0159ej jen malinko tak, aby se roztekla! Pokud j\u00ed zah\u0159eje\u0161 moc, bude paradoxn\u011b h\u016f\u0159 t\u00e9ct. Pist\u00e1cie nakr\u00e1jej no\u017eem, budou vypadat l\u00edp,ne\u017e kdy\u017e je nasek\u00e1\u0161 v sek\u00e1\u010dku.<\/p>\n\n\n\n<p><\/p>\n\n\n\n<h2 class=\"wp-block-heading\">Malina s ruby \u010dokol\u00e1dou<\/h2>\n\n\n\n\n\n<ul class=\"wp-block-list\">\n<li>100g malinov\u00e9ho pyr\u00e9<\/li>\n\n\n\n<li>1 l\u017e\u00edce gluk\u00f3zov\u00e9ho syrupu<\/li>\n\n\n\n<li>200 g ruby \u010dokol\u00e1dy<\/li>\n<\/ul>\n\n\n\n<blockquote class=\"wp-block-quote is-layout-flow wp-block-quote-is-layout-flow\">\n<p><em>Vezmi <strong>hnec<\/strong>, dej do n\u011bj 100g malinov\u00e9ho pyr\u00e9 a <strong>l\u017e\u00edci gluk\u00f3zopv\u00e9ho sirupu<\/strong>. <strong>Zah\u0159ej to na plotn\u011b<\/strong> (m\u016f\u017ee\u0161 klidn\u011b a\u017e k bodu varu). Vypni plotnu, <strong>p\u0159iho\u010f 200 g ruby \u010dokol\u00e1dy a v kl\u00edde\u010dku m\u00edchej<\/strong>, ne\u017e se \u010dokol\u00e1da rozpust\u00ed. Kdy\u017e se v\u0161e spoj\u00ed, p\u0159elej do misky a p\u0159ekrej potravin\u00e1\u0159skou foli\u00ed tak, aby se folie dot\u00fdkala \u010dokol\u00e1dov\u00e9 ganach. Nech v lednici stuhnout (p\u00e1r hodin to potrv\u00e1, ide\u00e1ln\u011b to nech do druh\u00e9ho dne).<\/em><\/p>\n<\/blockquote>\n\n\n\n<p><\/p>\n","protected":false},"excerpt":{"rendered":"<p>Dubaisk\u00e1 \u010dokol\u00e1da (na cca 30-35 makronek) Ml\u00e9\u010dn\u00e1 \u010dokol\u00e1da Vezmi hnec, dej do n\u011bj 125g smetany a 10g gluk\u00f3zov\u00e9ho sirupu. Zah\u0159ej to na plotn\u011b tak, aby to bylo dost tepl\u00fd, ale ne va\u0159i\u010d\u00ed (cca 60\u00b0C). Vypni plotnu, p\u0159iho\u010f 170 g ml\u00e9\u010dn\u00e9 \u010dokol\u00e1dy a v kl\u00edde\u010dku m\u00edchej, ne\u017e se \u010dokol\u00e1da rozpust\u00ed. Kdy\u017e se v\u0161e hezky spoj\u00ed a [&hellip;]<\/p>\n","protected":false},"author":1,"featured_media":0,"parent":0,"menu_order":0,"comment_status":"closed","ping_status":"closed","template":"","meta":{"footnotes":""},"class_list":["post-145","page","type-page","status-publish","hentry"],"_links":{"self":[{"href":"https:\/\/makronkyhrave.ludekvesely.cz\/index.php?rest_route=\/wp\/v2\/pages\/145","targetHints":{"allow":["GET"]}}],"collection":[{"href":"https:\/\/makronkyhrave.ludekvesely.cz\/index.php?rest_route=\/wp\/v2\/pages"}],"about":[{"href":"https:\/\/makronkyhrave.ludekvesely.cz\/index.php?rest_route=\/wp\/v2\/types\/page"}],"author":[{"embeddable":true,"href":"https:\/\/makronkyhrave.ludekvesely.cz\/index.php?rest_route=\/wp\/v2\/users\/1"}],"replies":[{"embeddable":true,"href":"https:\/\/makronkyhrave.ludekvesely.cz\/index.php?rest_route=%2Fwp%2Fv2%2Fcomments&post=145"}],"version-history":[{"count":8,"href":"https:\/\/makronkyhrave.ludekvesely.cz\/index.php?rest_route=\/wp\/v2\/pages\/145\/revisions"}],"predecessor-version":[{"id":261,"href":"https:\/\/makronkyhrave.ludekvesely.cz\/index.php?rest_route=\/wp\/v2\/pages\/145\/revisions\/261"}],"wp:attachment":[{"href":"https:\/\/makronkyhrave.ludekvesely.cz\/index.php?rest_route=%2Fwp%2Fv2%2Fmedia&parent=145"}],"curies":[{"name":"wp","href":"https:\/\/api.w.org\/{rel}","templated":true}]}}