{"id":19,"date":"2025-01-12T08:42:35","date_gmt":"2025-01-12T08:42:35","guid":{"rendered":"https:\/\/makronkyhrave.ludekvesely.cz\/?page_id=19"},"modified":"2025-01-17T12:54:14","modified_gmt":"2025-01-17T12:54:14","slug":"vybaveni","status":"publish","type":"page","link":"https:\/\/makronkyhrave.ludekvesely.cz\/?page_id=19","title":{"rendered":"Vybaven\u00ed"},"content":{"rendered":"\n<p class=\"has-text-align-center is-style-text-subtitle has-medium-font-size is-style-text-subtitle--1\">Zde nalezne\u0161 tipy na to, co se mi odv\u011b\u010dilo. Nic z toho nen\u00ed spolupr\u00e1ce a doporu\u010duji opravdu jen to, s \u010d\u00edm se mi dob\u0159e pracuje.<\/p>\n\n\n\n<div class=\"wp-block-columns alignwide is-layout-flex wp-container-core-columns-is-layout-2 wp-block-columns-is-layout-flex\">\n<div class=\"wp-block-column is-layout-flow wp-block-column-is-layout-flow\">\n<div class=\"wp-block-columns alignwide is-layout-flex wp-container-core-columns-is-layout-1 wp-block-columns-is-layout-flex\">\n<div class=\"wp-block-column is-layout-flow wp-block-column-is-layout-flow\">\n<div class=\"wp-block-cover\"><span aria-hidden=\"true\" class=\"wp-block-cover__background has-background-dim\"><\/span><img loading=\"lazy\" decoding=\"async\" width=\"1000\" height=\"1000\" class=\"wp-block-cover__image-background wp-image-36\" alt=\"\" src=\"https:\/\/makronkyhrave.ludekvesely.cz\/wp-content\/uploads\/2025\/01\/kitchenAid.jpg\" data-object-fit=\"cover\" srcset=\"https:\/\/makronkyhrave.ludekvesely.cz\/wp-content\/uploads\/2025\/01\/kitchenAid.jpg 1000w, https:\/\/makronkyhrave.ludekvesely.cz\/wp-content\/uploads\/2025\/01\/kitchenAid-300x300.jpg 300w, https:\/\/makronkyhrave.ludekvesely.cz\/wp-content\/uploads\/2025\/01\/kitchenAid-150x150.jpg 150w, https:\/\/makronkyhrave.ludekvesely.cz\/wp-content\/uploads\/2025\/01\/kitchenAid-768x768.jpg 768w\" sizes=\"auto, (max-width: 1000px) 100vw, 1000px\" \/><div class=\"wp-block-cover__inner-container is-layout-flow wp-block-cover-is-layout-flow\">\n<p class=\"has-text-align-center has-x-large-font-size\"><strong>Robot se \u0161lehac\u00ed metlou<\/strong><\/p>\n\n\n\n<p class=\"has-text-align-center has-large-font-size\">Pochopiteln\u011b V\u00e1m nap\u00ed\u0161u, \u017ee nejlep\u0161\u00ed je Kitchen Aid&nbsp;\ud83d\ude42&nbsp;To ale neznamen\u00e1, \u017ee v&nbsp;norm\u00e1ln\u00edm stoln\u00edm robotu sn\u00edh nevy\u0161leh\u00e1te. Jen to bude trvat o pozn\u00e1n\u00ed d\u00e9le.<\/p>\n<\/div><\/div>\n<\/div>\n\n\n\n<div class=\"wp-block-column is-layout-flow wp-block-column-is-layout-flow\">\n<div class=\"wp-block-cover\"><span aria-hidden=\"true\" class=\"wp-block-cover__background has-background-dim\"><\/span><img loading=\"lazy\" decoding=\"async\" width=\"1024\" height=\"1024\" class=\"wp-block-cover__image-background wp-image-47\" alt=\"\" src=\"https:\/\/makronkyhrave.ludekvesely.cz\/wp-content\/uploads\/2025\/01\/teplomer-1024x1024.jpg\" data-object-fit=\"cover\" srcset=\"https:\/\/makronkyhrave.ludekvesely.cz\/wp-content\/uploads\/2025\/01\/teplomer-1024x1024.jpg 1024w, https:\/\/makronkyhrave.ludekvesely.cz\/wp-content\/uploads\/2025\/01\/teplomer-300x300.jpg 300w, https:\/\/makronkyhrave.ludekvesely.cz\/wp-content\/uploads\/2025\/01\/teplomer-150x150.jpg 150w, https:\/\/makronkyhrave.ludekvesely.cz\/wp-content\/uploads\/2025\/01\/teplomer-768x768.jpg 768w, https:\/\/makronkyhrave.ludekvesely.cz\/wp-content\/uploads\/2025\/01\/teplomer.jpg 1200w\" sizes=\"auto, (max-width: 1024px) 100vw, 1024px\" \/><div class=\"wp-block-cover__inner-container is-layout-flow wp-block-cover-is-layout-flow\">\n<p class=\"has-text-align-center has-x-large-font-size\"><strong>Teplom\u011br<\/strong><\/p>\n\n\n\n<p class=\"has-text-align-center has-large-font-size\">Pokud se chyst\u00e1te d\u011blat makronky na Italsk\u00fd zp\u016fsob, ur\u010dit\u011b se bez n\u011bj neobejdete. Makronky z&nbsp;francouzsk\u00e9ho sn\u011bhu se bez n\u011bj up\u00e9ct daj\u00ed. Pokud ale m\u00e1te (tak jako j\u00e1) relativn\u011b nespolehliv\u00fd teplom\u011br v troub\u011b, ur\u010dit\u011b V\u00e1m u\u0161et\u0159\u00ed spoustu nerv\u016f. <\/p>\n\n\n\n<p class=\"has-text-align-center is-style-text-annotation has-large-font-size is-style-text-annotation--2\"><a href=\"https:\/\/www.oriondomacipotreby.cz\/kuchynsky-teplomer-se-sondou-152867?utm_source=google&amp;utm_medium=cpc&amp;utm_campaign=PMAX_All_products&amp;utm_id=19942566217&amp;gad_source=1&amp;gbraid=0AAAAAD70-uDKNU4UxmJmzKm0cBMTLV_Yu&amp;gclid=CjwKCAiA7Y28BhAnEiwAAdOJUKZ-pJ4-rcJF7Hp41VgORtdfq4H8qmApzMd9L4r8ywWsXD1Qu4muEhoCTasQAvD_BwE\">J\u00e1 ten sv\u016fj koupila v Orionu<\/a>.<\/p>\n<\/div><\/div>\n<\/div>\n<\/div>\n<\/div>\n<\/div>\n\n\n\n<p class=\"has-text-align-center has-x-large-font-size\"><\/p>\n\n\n\n<div class=\"wp-block-columns alignwide is-layout-flex wp-container-core-columns-is-layout-3 wp-block-columns-is-layout-flex\">\n<div class=\"wp-block-column is-layout-flow wp-block-column-is-layout-flow\">\n<div class=\"wp-block-cover\"><span aria-hidden=\"true\" class=\"wp-block-cover__background has-background-dim\"><\/span><img loading=\"lazy\" decoding=\"async\" width=\"900\" height=\"900\" class=\"wp-block-cover__image-background wp-image-66\" alt=\"\" src=\"https:\/\/makronkyhrave.ludekvesely.cz\/wp-content\/uploads\/2025\/01\/sitko.avif\" data-object-fit=\"cover\"\/><div class=\"wp-block-cover__inner-container is-layout-flow wp-block-cover-is-layout-flow\">\n<p class=\"has-text-align-center has-x-large-font-size\"><strong>S\u00edtko<\/strong><\/p>\n\n\n\n<p class=\"has-text-align-center has-large-font-size\">Abychom nem\u011bli v&nbsp;makronk\u00e1ch hrudky.<\/p>\n<\/div><\/div>\n<\/div>\n\n\n\n<div class=\"wp-block-column is-layout-flow wp-block-column-is-layout-flow\">\n<div class=\"wp-block-cover\" style=\"min-height:430px;aspect-ratio:unset;\"><span aria-hidden=\"true\" class=\"wp-block-cover__background has-background-dim\"><\/span><img loading=\"lazy\" decoding=\"async\" width=\"1024\" height=\"1024\" class=\"wp-block-cover__image-background wp-image-67\" alt=\"\" src=\"https:\/\/makronkyhrave.ludekvesely.cz\/wp-content\/uploads\/2025\/01\/sterka-1024x1024.jpg\" data-object-fit=\"cover\" srcset=\"https:\/\/makronkyhrave.ludekvesely.cz\/wp-content\/uploads\/2025\/01\/sterka-1024x1024.jpg 1024w, https:\/\/makronkyhrave.ludekvesely.cz\/wp-content\/uploads\/2025\/01\/sterka-300x300.jpg 300w, https:\/\/makronkyhrave.ludekvesely.cz\/wp-content\/uploads\/2025\/01\/sterka-150x150.jpg 150w, https:\/\/makronkyhrave.ludekvesely.cz\/wp-content\/uploads\/2025\/01\/sterka-768x768.jpg 768w, https:\/\/makronkyhrave.ludekvesely.cz\/wp-content\/uploads\/2025\/01\/sterka.jpg 1200w\" sizes=\"auto, (max-width: 1024px) 100vw, 1024px\" \/><div class=\"wp-block-cover__inner-container is-layout-flow wp-block-cover-is-layout-flow\">\n<p class=\"has-text-align-center has-x-large-font-size\"><strong>St\u011brka<\/strong><\/p>\n\n\n\n<p class=\"has-text-align-center has-large-font-size\">Je nezbyn\u00e1 na vym\u00edch\u00e1n\u00ed t\u011bsta.<\/p>\n<\/div><\/div>\n<\/div>\n\n\n\n<div class=\"wp-block-column is-layout-flow wp-block-column-is-layout-flow\">\n<div class=\"wp-block-cover\"><span aria-hidden=\"true\" class=\"wp-block-cover__background has-background-dim\"><\/span><img loading=\"lazy\" decoding=\"async\" width=\"1024\" height=\"768\" class=\"wp-block-cover__image-background wp-image-69\" alt=\"\" src=\"https:\/\/makronkyhrave.ludekvesely.cz\/wp-content\/uploads\/2025\/01\/karta.webp\" data-object-fit=\"cover\" srcset=\"https:\/\/makronkyhrave.ludekvesely.cz\/wp-content\/uploads\/2025\/01\/karta.webp 1024w, https:\/\/makronkyhrave.ludekvesely.cz\/wp-content\/uploads\/2025\/01\/karta-300x225.webp 300w, https:\/\/makronkyhrave.ludekvesely.cz\/wp-content\/uploads\/2025\/01\/karta-768x576.webp 768w\" sizes=\"auto, (max-width: 1024px) 100vw, 1024px\" \/><div class=\"wp-block-cover__inner-container is-layout-flow wp-block-cover-is-layout-flow\">\n<p class=\"has-text-align-center has-x-large-font-size\"><strong>Cukr\u00e1\u0159k\u00e1 karta<\/strong><\/p>\n\n\n\n<p class=\"has-text-align-center has-large-font-size\">Zajist\u00ed v\u00e1m 3 sko\u0159\u00e1pky nav\u00edc z&nbsp;ka\u017ed\u00e9 v\u00e1rky. \u00dapln\u011b stejn\u011b ale poslou\u017e\u00ed d\u0159ev\u011bn\u00e1 obrace\u010dka.<\/p>\n<\/div><\/div>\n<\/div>\n<\/div>\n\n\n\n<p class=\"has-text-align-center is-style-text-subtitle has-x-large-font-size is-style-text-subtitle--3\">Pe\u010d\u00edc\u00ed podlo\u017eky<\/p>\n\n\n\n<p class=\"has-text-align-center is-style-text-subtitle has-medium-font-size is-style-text-subtitle--4\">Pou\u017e\u00edt m\u016f\u017eete i oby\u010dejn\u00fd pe\u010d\u00edc\u00ed pap\u00edr. Nev\u00edm pro\u010d, ale m\u011b se na n\u011bm nikdy makronky tak nepoda\u0159\u00ed.<\/p>\n\n\n\n<div class=\"wp-block-columns alignwide is-layout-flex wp-container-core-columns-is-layout-4 wp-block-columns-is-layout-flex\">\n<div class=\"wp-block-column is-layout-flow wp-block-column-is-layout-flow\">\n<div class=\"wp-block-cover\"><span aria-hidden=\"true\" class=\"wp-block-cover__background has-background-dim\"><\/span><img loading=\"lazy\" decoding=\"async\" width=\"1024\" height=\"1024\" class=\"wp-block-cover__image-background wp-image-74\" alt=\"\" src=\"https:\/\/makronkyhrave.ludekvesely.cz\/wp-content\/uploads\/2025\/01\/podlozkaOrionII-1024x1024.jpg\" data-object-fit=\"cover\" srcset=\"https:\/\/makronkyhrave.ludekvesely.cz\/wp-content\/uploads\/2025\/01\/podlozkaOrionII-1024x1024.jpg 1024w, https:\/\/makronkyhrave.ludekvesely.cz\/wp-content\/uploads\/2025\/01\/podlozkaOrionII-300x300.jpg 300w, https:\/\/makronkyhrave.ludekvesely.cz\/wp-content\/uploads\/2025\/01\/podlozkaOrionII-150x150.jpg 150w, https:\/\/makronkyhrave.ludekvesely.cz\/wp-content\/uploads\/2025\/01\/podlozkaOrionII-768x768.jpg 768w, https:\/\/makronkyhrave.ludekvesely.cz\/wp-content\/uploads\/2025\/01\/podlozkaOrionII.jpg 1200w\" sizes=\"auto, (max-width: 1024px) 100vw, 1024px\" \/><div class=\"wp-block-cover__inner-container is-layout-flow wp-block-cover-is-layout-flow\">\n<p class=\"has-text-align-center has-large-font-size\">Nejv\u00edce se mi osv\u011bd\u010dili <strong>silikonov\u00e9 podlo\u017eky z&nbsp;Orionu<\/strong>. Vydr\u017e\u00ed hodn\u011b a nejsou drah\u00e9.&nbsp;<\/p>\n\n\n\n<p class=\"is-style-text-annotation is-style-text-annotation--5\"><a href=\"https:\/\/www.oriondomacipotreby.cz\/pecici-folie-40x33-cm-750343?utm_source=google&amp;utm_medium=cpc&amp;utm_campaign=PMAX_All_products&amp;utm_id=19942566217&amp;gad_source=1&amp;gbraid=0AAAAAD70-uDKNU4UxmJmzKm0cBMTLV_Yu&amp;gclid=CjwKCAiA7Y28BhAnEiwAAdOJUG2vgFh74Im9sFTapzodF6UJpeq8jfsSIsXtN2aK3pSkzR2jo5zNnxoCuI8QAvD_BwE\">OrionDom\u00e1c\u00edPot\u0159eby.cz<\/a><\/p>\n<\/div><\/div>\n<\/div>\n\n\n\n<div class=\"wp-block-column is-layout-flow wp-block-column-is-layout-flow\">\n<div class=\"wp-block-cover\"><span aria-hidden=\"true\" class=\"wp-block-cover__background has-background-dim\"><\/span><img loading=\"lazy\" decoding=\"async\" width=\"1024\" height=\"768\" class=\"wp-block-cover__image-background wp-image-75\" alt=\"\" src=\"https:\/\/makronkyhrave.ludekvesely.cz\/wp-content\/uploads\/2025\/01\/teflonpat.webp\" data-object-fit=\"cover\" srcset=\"https:\/\/makronkyhrave.ludekvesely.cz\/wp-content\/uploads\/2025\/01\/teflonpat.webp 1024w, https:\/\/makronkyhrave.ludekvesely.cz\/wp-content\/uploads\/2025\/01\/teflonpat-300x225.webp 300w, https:\/\/makronkyhrave.ludekvesely.cz\/wp-content\/uploads\/2025\/01\/teflonpat-768x576.webp 768w\" sizes=\"auto, (max-width: 1024px) 100vw, 1024px\" \/><div class=\"wp-block-cover__inner-container is-layout-flow wp-block-cover-is-layout-flow\">\n<p class=\"has-text-align-center has-large-font-size\">Chybu neud\u011bl\u00e1te ani s&nbsp;teflonovou podlo\u017ekou <strong>Teflonpat<\/strong>. Prod\u00e1v\u00e1 se i ve velk\u00e9m rozm\u011bru, kter\u00fd po rozst\u0159\u00edhnut\u00ed vysta\u010d\u00ed na 2 plechy.<\/p>\n\n\n\n<p class=\"is-style-text-annotation is-style-text-annotation--6\"><a href=\"https:\/\/www.lkstore.cz\/teflonova-podlozka-na-peceni-teflonpat-60x40cm\">LKStore.cz<\/a><\/p>\n<\/div><\/div>\n<\/div>\n\n\n\n<div class=\"wp-block-column is-layout-flow wp-block-column-is-layout-flow\">\n<div class=\"wp-block-cover\"><span aria-hidden=\"true\" class=\"wp-block-cover__background has-background-dim\"><\/span><img loading=\"lazy\" decoding=\"async\" width=\"1024\" height=\"768\" class=\"wp-block-cover__image-background wp-image-76\" alt=\"\" src=\"https:\/\/makronkyhrave.ludekvesely.cz\/wp-content\/uploads\/2025\/01\/fiberglass.webp\" data-object-fit=\"cover\" srcset=\"https:\/\/makronkyhrave.ludekvesely.cz\/wp-content\/uploads\/2025\/01\/fiberglass.webp 1024w, https:\/\/makronkyhrave.ludekvesely.cz\/wp-content\/uploads\/2025\/01\/fiberglass-300x225.webp 300w, https:\/\/makronkyhrave.ludekvesely.cz\/wp-content\/uploads\/2025\/01\/fiberglass-768x576.webp 768w\" sizes=\"auto, (max-width: 1024px) 100vw, 1024px\" \/><div class=\"wp-block-cover__inner-container is-layout-flow wp-block-cover-is-layout-flow\">\n<p class=\"has-text-align-center has-large-font-size\">Vyr\u00e1b\u00ed se i silikonov\u00e1 podlo\u017eka se sklen\u011bn\u00fdm vl\u00e1knem <strong>Fiberglass<\/strong>. Je ale dra\u017e\u0161\u00ed a nepasuje \u00fapln\u011b do ka\u017ed\u00e9ho plechu. M\u011b nav\u00edc nevyhovuje ani rozkleslen\u00ed makronek (na 1 plechu jich upe\u010dete m\u00e9n\u011b).&nbsp;<\/p>\n\n\n\n<p class=\"is-style-text-annotation is-style-text-annotation--7\"><a href=\"https:\/\/www.pastry.cz\/podlozka-na-peceni-silikon-fiberglass-na-makronky-300x400mm\">Pastry.cz<\/a><\/p>\n<\/div><\/div>\n<\/div>\n<\/div>\n\n\n\n<div class=\"wp-block-cover alignwide has-custom-content-position is-position-top-left\" style=\"min-height:324px;aspect-ratio:unset;\"><span aria-hidden=\"true\" class=\"wp-block-cover__background has-background-dim\"><\/span><img loading=\"lazy\" decoding=\"async\" width=\"1024\" height=\"724\" class=\"wp-block-cover__image-background wp-image-149\" alt=\"\" src=\"https:\/\/makronkyhrave.ludekvesely.cz\/wp-content\/uploads\/2025\/01\/standardni-makronky-2-1024x724.jpg\" data-object-fit=\"cover\" srcset=\"https:\/\/makronkyhrave.ludekvesely.cz\/wp-content\/uploads\/2025\/01\/standardni-makronky-2-1024x724.jpg 1024w, https:\/\/makronkyhrave.ludekvesely.cz\/wp-content\/uploads\/2025\/01\/standardni-makronky-2-300x212.jpg 300w, https:\/\/makronkyhrave.ludekvesely.cz\/wp-content\/uploads\/2025\/01\/standardni-makronky-2-768x543.jpg 768w, https:\/\/makronkyhrave.ludekvesely.cz\/wp-content\/uploads\/2025\/01\/standardni-makronky-2-1536x1086.jpg 1536w, https:\/\/makronkyhrave.ludekvesely.cz\/wp-content\/uploads\/2025\/01\/standardni-makronky-2.jpg 2000w\" sizes=\"auto, (max-width: 1024px) 100vw, 1024px\" \/><div class=\"wp-block-cover__inner-container is-layout-flow wp-block-cover-is-layout-flow\">\n<div class=\"wp-block-group is-vertical is-content-justification-center is-layout-flex wp-container-core-group-is-layout-1 wp-block-group-is-layout-flex\" style=\"min-height:360px;margin-top:0;margin-bottom:0\">\n<h2 class=\"wp-block-heading is-style-default has-x-large-font-size\"><strong>\u0160ablona<\/strong><\/h2>\n\n\n\n<p class=\"has-text-align-center is-style-text-subtitle has-medium-font-size is-style-text-subtitle--8\">Pokud zvol\u00edte pe\u010d\u00edc\u00ed podlo\u017eku bez p\u0159edkreslen\u00fdch makronek, m\u016f\u017eete pou\u017e\u00edt tu moji. Je p\u0159ipraven\u00e1 k vyti\u0161t\u011bn\u00ed ve form\u00e1tu A3 i A4.<\/p>\n\n\n\n<div style=\"height:0px\" aria-hidden=\"true\" class=\"wp-block-spacer wp-container-content-1\"><\/div>\n\n\n\n<div class=\"wp-block-buttons is-content-justification-center is-layout-flex wp-container-core-buttons-is-layout-1 wp-block-buttons-is-layout-flex\">\n<div class=\"wp-block-button\"><a class=\"wp-block-button__link has-text-align-center wp-element-button\" href=\"https:\/\/makronkyhrave.ludekvesely.cz\/wp-content\/uploads\/2025\/01\/Sablona_makronky.pdf\">Podlo\u017eka ve form\u00e1tu A3<\/a><\/div>\n\n\n\n<div class=\"wp-block-button\"><a class=\"wp-block-button__link has-text-align-center wp-element-button\" href=\"https:\/\/makronkyhrave.ludekvesely.cz\/wp-content\/uploads\/2025\/01\/Sablona_makronkyA4.pdf\">Podlo\u017eka ve form\u00e1tu A4<\/a><\/div>\n<\/div>\n<\/div>\n<\/div><\/div>\n\n\n\n<p class=\"has-text-align-center is-style-text-subtitle has-x-large-font-size is-style-text-subtitle--9\"><\/p>\n\n\n\n<div class=\"wp-block-columns alignwide is-layout-flex wp-container-core-columns-is-layout-5 wp-block-columns-is-layout-flex\">\n<div class=\"wp-block-column is-layout-flow wp-block-column-is-layout-flow\">\n<div class=\"wp-block-cover\" style=\"min-height:428px;aspect-ratio:unset;\"><span aria-hidden=\"true\" class=\"wp-block-cover__background has-background-dim\"><\/span><img loading=\"lazy\" decoding=\"async\" width=\"1024\" height=\"768\" class=\"wp-block-cover__image-background wp-image-48\" alt=\"\" src=\"https:\/\/makronkyhrave.ludekvesely.cz\/wp-content\/uploads\/2025\/01\/cukrarsky-sacek.webp\" data-object-fit=\"cover\" srcset=\"https:\/\/makronkyhrave.ludekvesely.cz\/wp-content\/uploads\/2025\/01\/cukrarsky-sacek.webp 1024w, https:\/\/makronkyhrave.ludekvesely.cz\/wp-content\/uploads\/2025\/01\/cukrarsky-sacek-300x225.webp 300w, https:\/\/makronkyhrave.ludekvesely.cz\/wp-content\/uploads\/2025\/01\/cukrarsky-sacek-768x576.webp 768w\" sizes=\"auto, (max-width: 1024px) 100vw, 1024px\" \/><div class=\"wp-block-cover__inner-container is-layout-flow wp-block-cover-is-layout-flow\">\n<p class=\"has-text-align-center has-x-large-font-size\"><strong>Cukr\u00e1\u0159sk\u00fd s\u00e1\u010dek<\/strong><\/p>\n\n\n\n<p class=\"has-text-align-center\">doporu\u010duji alespo\u0148 35 cm vysok\u00e9.<\/p>\n<\/div><\/div>\n\n\n\n<h3 class=\"wp-block-heading is-style-default has-medium-font-size\"><\/h3>\n<\/div>\n\n\n\n<div class=\"wp-block-column is-layout-flow wp-block-column-is-layout-flow\">\n<div class=\"wp-block-cover\" style=\"min-height:427px;aspect-ratio:unset;\"><span aria-hidden=\"true\" class=\"wp-block-cover__background has-background-dim\"><\/span><img loading=\"lazy\" decoding=\"async\" width=\"1024\" height=\"768\" class=\"wp-block-cover__image-background wp-image-49\" alt=\"\" src=\"https:\/\/makronkyhrave.ludekvesely.cz\/wp-content\/uploads\/2025\/01\/zdobici-spicka-10mm.webp\" data-object-fit=\"cover\" srcset=\"https:\/\/makronkyhrave.ludekvesely.cz\/wp-content\/uploads\/2025\/01\/zdobici-spicka-10mm.webp 1024w, https:\/\/makronkyhrave.ludekvesely.cz\/wp-content\/uploads\/2025\/01\/zdobici-spicka-10mm-300x225.webp 300w, https:\/\/makronkyhrave.ludekvesely.cz\/wp-content\/uploads\/2025\/01\/zdobici-spicka-10mm-768x576.webp 768w\" sizes=\"auto, (max-width: 1024px) 100vw, 1024px\" \/><div class=\"wp-block-cover__inner-container is-layout-flow wp-block-cover-is-layout-flow\">\n<p class=\"has-text-align-center has-x-large-font-size\"><strong>Zdob\u00edc\u00ed \u0161pi\u010dky<\/strong><\/p>\n\n\n\n<p class=\"has-text-align-center has-large-font-size\">Zdob\u00edc\u00edch \u0161pi\u010dek vyu\u017eijete ur\u010dit\u011b v\u00edce. Do z\u00e1kladu V\u00e1m ale posta\u010d\u00ed dv\u011b &#8211; <strong>10mm<\/strong> na sko\u0159\u00e1pky a n\u00e1pln\u011b a <strong>5mm<\/strong> na ovocn\u00e9 vklady.<\/p>\n<\/div><\/div>\n\n\n\n<h3 class=\"wp-block-heading is-style-default has-medium-font-size\"><\/h3>\n<\/div>\n\n\n\n<div class=\"wp-block-column is-layout-flow wp-block-column-is-layout-flow\">\n<div class=\"wp-block-cover\" style=\"min-height:427px;aspect-ratio:unset;\"><span aria-hidden=\"true\" class=\"wp-block-cover__background has-background-dim\"><\/span><img loading=\"lazy\" decoding=\"async\" width=\"900\" height=\"900\" class=\"wp-block-cover__image-background wp-image-78\" alt=\"\" src=\"https:\/\/makronkyhrave.ludekvesely.cz\/wp-content\/uploads\/2025\/01\/sklenice.avif\" data-object-fit=\"cover\"\/><div class=\"wp-block-cover__inner-container is-layout-flow wp-block-cover-is-layout-flow\">\n<p class=\"has-text-align-center has-x-large-font-size\"><strong>Vysok\u00e1 sklenice<\/strong><\/p>\n\n\n\n<p class=\"has-text-align-center has-large-font-size\">Podr\u017e\u00ed V\u00e1m cukr\u00e1\u0159sk\u00fd s\u00e1\u010dek b\u011bhem pln\u011bn\u00ed a vy nebudete upatlan\u00e9&nbsp;<\/p>\n<\/div><\/div>\n<\/div>\n<\/div>\n","protected":false},"excerpt":{"rendered":"<p>Zde nalezne\u0161 tipy na to, co se mi odv\u011b\u010dilo. Nic z toho nen\u00ed spolupr\u00e1ce a doporu\u010duji opravdu jen to, s \u010d\u00edm se mi dob\u0159e pracuje. Pe\u010d\u00edc\u00ed podlo\u017eky Pou\u017e\u00edt m\u016f\u017eete i oby\u010dejn\u00fd pe\u010d\u00edc\u00ed pap\u00edr. Nev\u00edm pro\u010d, ale m\u011b se na n\u011bm nikdy makronky tak nepoda\u0159\u00ed.<\/p>\n","protected":false},"author":1,"featured_media":0,"parent":0,"menu_order":0,"comment_status":"closed","ping_status":"closed","template":"","meta":{"footnotes":""},"class_list":["post-19","page","type-page","status-publish","hentry"],"_links":{"self":[{"href":"https:\/\/makronkyhrave.ludekvesely.cz\/index.php?rest_route=\/wp\/v2\/pages\/19","targetHints":{"allow":["GET"]}}],"collection":[{"href":"https:\/\/makronkyhrave.ludekvesely.cz\/index.php?rest_route=\/wp\/v2\/pages"}],"about":[{"href":"https:\/\/makronkyhrave.ludekvesely.cz\/index.php?rest_route=\/wp\/v2\/types\/page"}],"author":[{"embeddable":true,"href":"https:\/\/makronkyhrave.ludekvesely.cz\/index.php?rest_route=\/wp\/v2\/users\/1"}],"replies":[{"embeddable":true,"href":"https:\/\/makronkyhrave.ludekvesely.cz\/index.php?rest_route=%2Fwp%2Fv2%2Fcomments&post=19"}],"version-history":[{"count":54,"href":"https:\/\/makronkyhrave.ludekvesely.cz\/index.php?rest_route=\/wp\/v2\/pages\/19\/revisions"}],"predecessor-version":[{"id":165,"href":"https:\/\/makronkyhrave.ludekvesely.cz\/index.php?rest_route=\/wp\/v2\/pages\/19\/revisions\/165"}],"wp:attachment":[{"href":"https:\/\/makronkyhrave.ludekvesely.cz\/index.php?rest_route=%2Fwp%2Fv2%2Fmedia&parent=19"}],"curies":[{"name":"wp","href":"https:\/\/api.w.org\/{rel}","templated":true}]}}