{"id":242,"date":"2025-07-18T10:30:20","date_gmt":"2025-07-18T10:30:20","guid":{"rendered":"https:\/\/makronkyhrave.ludekvesely.cz\/?page_id=242"},"modified":"2025-07-18T10:35:12","modified_gmt":"2025-07-18T10:35:12","slug":"dubaiska-cokolada","status":"publish","type":"page","link":"https:\/\/makronkyhrave.ludekvesely.cz\/?page_id=242","title":{"rendered":"Dubaisk\u00e1 \u010dokol\u00e1da"},"content":{"rendered":"\n<p><strong>Ml\u00e9\u010dn\u00e1 \u010dokol\u00e1da&nbsp;<\/strong><\/p>\n\n\n\n<ul class=\"wp-block-list\">\n<li>126g smetany<\/li>\n\n\n\n<li>11g gluk\u00f3zov\u00e9ho sirupu<\/li>\n\n\n\n<li>147 g ml\u00e9\u010dn\u00e9 40% \u010dokol\u00e1dy (Arriba z Grizlyho)<\/li>\n\n\n\n<li>17g m\u00e1sla<\/li>\n<\/ul>\n\n\n\n<blockquote class=\"wp-block-quote is-layout-flow wp-block-quote-is-layout-flow\">\n<p class=\"has-text-align-left\"><em>Vezmi\u00a0<strong>hrnec<\/strong>, dej do n\u011bj\u00a0<strong>126\u00a0g\u00a0smetany<\/strong>\u00a0a\u00a0<strong>11\u00a0g\u00a0gluk\u00f3zopv\u00e9ho sirupu<\/strong>.\u00a0<strong>Zah\u0159ej to na plotn\u011b<\/strong>\u00a0tak, aby to bylo dost tepl\u00fd, ale ne va\u0159i\u010d\u00ed (cca 70\u00b0C). Vypni plotnu,\u00a0<strong>p\u0159iho\u010f 147\u00a0g ml\u00e9\u010dn\u00e9 \u010dokol\u00e1dy a v kl\u00edde\u010dku m\u00edchej<\/strong>, ne\u017e se \u010dokol\u00e1da rozpust\u00ed. Kdy\u017e se v\u0161e hezky spoj\u00ed a sm\u011bs u\u017e nen\u00ed tak hork\u00e1 (m\u00e1 kolem 35 \u00b0C),\u00a0<strong>p\u0159idej 17 g m\u00e1sla\u00a0<\/strong>(doporu\u010duju napr\u00e1jet na men\u0161\u00ed kousky, l\u00edp se ti rozpust\u00ed). \u00a0Kdy\u017e se m\u00e1slo rozpust\u00ed, p\u0159elej do misky a p\u0159ekrej potravin\u00e1\u0159skou foli\u00ed tak, aby se folie dot\u00fdkala \u010dokol\u00e1dov\u00e9 ganach. Nech v lednici stuhnout (p\u00e1r hodin to potrv\u00e1, ide\u00e1ln\u011b to nech do druh\u00e9ho dne).<\/em><\/p>\n<\/blockquote>\n\n\n\n<p><strong>Dubaisk\u00fd st\u0159ed<\/strong><\/p>\n\n\n\n<ul class=\"wp-block-list\">\n<li>15 g kadayif nudl\u00ed\u00a0<\/li>\n\n\n\n<li>7,5 g tahini<\/li>\n\n\n\n<li>52 g pist\u00e1ciov\u00e9 pasty (Pozor jakou pou\u017eije\u0161, m\u011b se odv\u011b\u010dil jedin\u011b \u017dufan)<\/li>\n<\/ul>\n\n\n\n<blockquote class=\"wp-block-quote is-layout-flow wp-block-quote-is-layout-flow\">\n<p><em>V\u0161echny suroviny sm\u00edchej v hrne\u010dku<\/em>. To\u0165 v\u0161e.<\/p>\n<\/blockquote>\n\n\n\n<p>Sko\u0159\u00e1pk\u00e1m d\u011bl\u00e1m nejprve \u010dokol\u00e1dov\u00fd okraj a doprost\u0159ed pak d\u00e1v\u00e1m dubaiskou n\u00e1pl\u0148.&nbsp;<\/p>\n\n\n\n<p>*obr\u00e1zek otev\u0159en\u00e9 makronky<\/p>\n\n\n\n<p>Napln\u011bn\u00e9 makronky m\u016f\u017ee\u0161 namo\u010dit do rozeh\u0159\u00e1t\u00e9 \u010dokol\u00e1dy a posypat pist\u00e1ciema. Pozor, \u010dokol\u00e1du zah\u0159ej jen malinko tak, aby se roztekla! Pokud j\u00ed zah\u0159eje\u0161 moc, bude paradoxn\u011b h\u016f\u0159 t\u00e9ct. Pist\u00e1cie nakr\u00e1jej no\u017eem, budou vypadat l\u00edp,ne\u017e kdy\u017e je nasek\u00e1\u0161 v sek\u00e1\u010dku.<\/p>\n\n\n\n<p>Makronku v\u017edy namo\u010d\u00edm do \u010dokol\u00e1dy, nech\u00e1m nad miskou po\u0159\u00e1dn\u011b okapat, posypu pist\u00e1ciema a polo\u017e\u00edm na \u0161pejli tak, abych si polevu nezni\u010dila. Kdy\u017e m\u00e1m cel\u00fd plech, d\u00e1v\u00e1m na chv\u00edli zatuhnout do ledni\u010dky.<\/p>\n\n\n\n<p>*obr\u00e1zek namo\u010den\u00fdch makronek na \u0161pejli<\/p>\n\n\n\n<p><\/p>\n","protected":false},"excerpt":{"rendered":"<p>Ml\u00e9\u010dn\u00e1 \u010dokol\u00e1da&nbsp; Vezmi\u00a0hrnec, dej do n\u011bj\u00a0126\u00a0g\u00a0smetany\u00a0a\u00a011\u00a0g\u00a0gluk\u00f3zopv\u00e9ho sirupu.\u00a0Zah\u0159ej to na plotn\u011b\u00a0tak, aby to bylo dost tepl\u00fd, ale ne va\u0159i\u010d\u00ed (cca 70\u00b0C). Vypni plotnu,\u00a0p\u0159iho\u010f 147\u00a0g ml\u00e9\u010dn\u00e9 \u010dokol\u00e1dy a v kl\u00edde\u010dku m\u00edchej, ne\u017e se \u010dokol\u00e1da rozpust\u00ed. Kdy\u017e se v\u0161e hezky spoj\u00ed a sm\u011bs u\u017e nen\u00ed tak hork\u00e1 (m\u00e1 kolem 35 \u00b0C),\u00a0p\u0159idej 17 g m\u00e1sla\u00a0(doporu\u010duju napr\u00e1jet na men\u0161\u00ed kousky, [&hellip;]<\/p>\n","protected":false},"author":1,"featured_media":0,"parent":0,"menu_order":0,"comment_status":"closed","ping_status":"closed","template":"","meta":{"footnotes":""},"class_list":["post-242","page","type-page","status-publish","hentry"],"_links":{"self":[{"href":"https:\/\/makronkyhrave.ludekvesely.cz\/index.php?rest_route=\/wp\/v2\/pages\/242","targetHints":{"allow":["GET"]}}],"collection":[{"href":"https:\/\/makronkyhrave.ludekvesely.cz\/index.php?rest_route=\/wp\/v2\/pages"}],"about":[{"href":"https:\/\/makronkyhrave.ludekvesely.cz\/index.php?rest_route=\/wp\/v2\/types\/page"}],"author":[{"embeddable":true,"href":"https:\/\/makronkyhrave.ludekvesely.cz\/index.php?rest_route=\/wp\/v2\/users\/1"}],"replies":[{"embeddable":true,"href":"https:\/\/makronkyhrave.ludekvesely.cz\/index.php?rest_route=%2Fwp%2Fv2%2Fcomments&post=242"}],"version-history":[{"count":5,"href":"https:\/\/makronkyhrave.ludekvesely.cz\/index.php?rest_route=\/wp\/v2\/pages\/242\/revisions"}],"predecessor-version":[{"id":248,"href":"https:\/\/makronkyhrave.ludekvesely.cz\/index.php?rest_route=\/wp\/v2\/pages\/242\/revisions\/248"}],"wp:attachment":[{"href":"https:\/\/makronkyhrave.ludekvesely.cz\/index.php?rest_route=%2Fwp%2Fv2%2Fmedia&parent=242"}],"curies":[{"name":"wp","href":"https:\/\/api.w.org\/{rel}","templated":true}]}}