{"id":5,"date":"2025-01-11T20:44:11","date_gmt":"2025-01-11T20:44:11","guid":{"rendered":"https:\/\/makronkyhrave.ludekvesely.cz\/?page_id=5"},"modified":"2025-07-18T14:19:24","modified_gmt":"2025-07-18T14:19:24","slug":"postup-makronek","status":"publish","type":"page","link":"https:\/\/makronkyhrave.ludekvesely.cz\/?page_id=5","title":{"rendered":"Makronkov\u00e9 sko\u0159\u00e1pky"},"content":{"rendered":"\n<p>Makronkov\u00e9 sko\u0159\u00e1pky z francouzsk\u00e9ho sn\u011bhu<\/p>\n\n\n\n<ul class=\"wp-block-list\">\n<li>160 g mandlov\u00e9 mouky<\/li>\n\n\n\n<li>160 g cukru krupice<\/li>\n\n\n\n<li>125g b\u00edl\u016f (12 hodin odpa\u0159en\u00fdch)<\/li>\n\n\n\n<li>80g mou\u010dkov\u00e9ho cukru<\/li>\n<\/ul>\n\n\n\n<div class=\"wp-block-media-text is-stacked-on-mobile\"><figure class=\"wp-block-media-text__media\"><img loading=\"lazy\" decoding=\"async\" width=\"1024\" height=\"682\" src=\"https:\/\/makronkyhrave.ludekvesely.cz\/wp-content\/uploads\/2025\/01\/IMG_008511-1024x682.jpg\" alt=\"\" class=\"wp-image-219 size-full\" srcset=\"https:\/\/makronkyhrave.ludekvesely.cz\/wp-content\/uploads\/2025\/01\/IMG_008511-1024x682.jpg 1024w, https:\/\/makronkyhrave.ludekvesely.cz\/wp-content\/uploads\/2025\/01\/IMG_008511-300x200.jpg 300w, https:\/\/makronkyhrave.ludekvesely.cz\/wp-content\/uploads\/2025\/01\/IMG_008511-768x512.jpg 768w, https:\/\/makronkyhrave.ludekvesely.cz\/wp-content\/uploads\/2025\/01\/IMG_008511-1536x1024.jpg 1536w, https:\/\/makronkyhrave.ludekvesely.cz\/wp-content\/uploads\/2025\/01\/IMG_008511.jpg 2000w\" sizes=\"auto, (max-width: 1024px) 100vw, 1024px\" \/><\/figure><div class=\"wp-block-media-text__content\">\n<p>Dej \u0161lehat b\u00edlky &#8211; na robotu vyber <strong>st\u0159edn\u00ed stupne\u0148 <\/strong>ot\u00e1\u010dek.<\/p>\n<\/div><\/div>\n\n\n\n<div class=\"wp-block-media-text is-stacked-on-mobile is-image-fill-element\"><figure class=\"wp-block-media-text__media\"><img loading=\"lazy\" decoding=\"async\" width=\"682\" height=\"1024\" src=\"https:\/\/makronkyhrave.ludekvesely.cz\/wp-content\/uploads\/2025\/01\/IMG_008514-682x1024.jpg\" alt=\"\" class=\"wp-image-216 size-full\" style=\"object-position:76% 34%\" srcset=\"https:\/\/makronkyhrave.ludekvesely.cz\/wp-content\/uploads\/2025\/01\/IMG_008514-682x1024.jpg 682w, https:\/\/makronkyhrave.ludekvesely.cz\/wp-content\/uploads\/2025\/01\/IMG_008514-200x300.jpg 200w, https:\/\/makronkyhrave.ludekvesely.cz\/wp-content\/uploads\/2025\/01\/IMG_008514-768x1152.jpg 768w, https:\/\/makronkyhrave.ludekvesely.cz\/wp-content\/uploads\/2025\/01\/IMG_008514-1024x1536.jpg 1024w, https:\/\/makronkyhrave.ludekvesely.cz\/wp-content\/uploads\/2025\/01\/IMG_008514.jpg 1333w\" sizes=\"auto, (max-width: 682px) 100vw, 682px\" \/><\/figure><div class=\"wp-block-media-text__content\">\n<p>Jakmile se z&nbsp;b\u00edlk\u016f ud\u011bl\u00e1 <strong>p\u011bna jako na pivu<\/strong>, p\u0159idej <strong>cukr krupici.<\/strong> Pozor! Krupice nen\u00ed krystal \ud83d\ude42 <\/p>\n<\/div><\/div>\n\n\n\n<div class=\"wp-block-media-text is-stacked-on-mobile\"><figure class=\"wp-block-media-text__media\"><\/figure><div class=\"wp-block-media-text__content\">\n<p>B\u00edlky s\u00a0cukrem <strong>nech \u0161lehat cca 50 minut<\/strong> (z\u00e1le\u017e\u00ed, jak\u00e9ho m\u00e1\u0161 robota). St\u00e1le ale nech robota na st\u0159edn\u00ed stupe\u0148 a <strong>ot\u00e1\u010dky nezvy\u0161uj!<\/strong> (Na kitchenaidu d\u00e1v\u00e1m n\u011bco mezi 4 a 6).<\/p>\n<\/div><\/div>\n\n\n\n<div class=\"wp-block-media-text is-stacked-on-mobile is-image-fill-element\"><figure class=\"wp-block-media-text__media\"><img loading=\"lazy\" decoding=\"async\" width=\"682\" height=\"1024\" src=\"https:\/\/makronkyhrave.ludekvesely.cz\/wp-content\/uploads\/2025\/01\/IMG_008517-682x1024.jpg\" alt=\"\" class=\"wp-image-213 size-full\" style=\"object-position:50% 50%\" srcset=\"https:\/\/makronkyhrave.ludekvesely.cz\/wp-content\/uploads\/2025\/01\/IMG_008517-682x1024.jpg 682w, https:\/\/makronkyhrave.ludekvesely.cz\/wp-content\/uploads\/2025\/01\/IMG_008517-200x300.jpg 200w, https:\/\/makronkyhrave.ludekvesely.cz\/wp-content\/uploads\/2025\/01\/IMG_008517-768x1152.jpg 768w, https:\/\/makronkyhrave.ludekvesely.cz\/wp-content\/uploads\/2025\/01\/IMG_008517-1024x1536.jpg 1024w, https:\/\/makronkyhrave.ludekvesely.cz\/wp-content\/uploads\/2025\/01\/IMG_008517.jpg 1333w\" sizes=\"auto, (max-width: 682px) 100vw, 682px\" \/><\/figure><div class=\"wp-block-media-text__content\">\n<p>Mezi t\u00edm si<strong> p\u0159esej mandlovou mouku <\/strong>p\u0159es s\u00edto. P\u0159\u00edpadn\u00e9 hrudky rozemni. Pokud ti v s\u00edtku zbydou mal\u00e9 kous\u00ed\u010dky mandl\u00ed, klidn\u011b je do makronek pou\u017eij.<\/p>\n<\/div><\/div>\n\n\n\n<div class=\"wp-block-media-text is-stacked-on-mobile is-image-fill-element\"><figure class=\"wp-block-media-text__media\"><img loading=\"lazy\" decoding=\"async\" width=\"682\" height=\"1024\" src=\"https:\/\/makronkyhrave.ludekvesely.cz\/wp-content\/uploads\/2025\/01\/IMG_008529-682x1024.jpg\" alt=\"\" class=\"wp-image-201 size-full\" style=\"object-position:50% 50%\" srcset=\"https:\/\/makronkyhrave.ludekvesely.cz\/wp-content\/uploads\/2025\/01\/IMG_008529-682x1024.jpg 682w, https:\/\/makronkyhrave.ludekvesely.cz\/wp-content\/uploads\/2025\/01\/IMG_008529-200x300.jpg 200w, https:\/\/makronkyhrave.ludekvesely.cz\/wp-content\/uploads\/2025\/01\/IMG_008529-768x1152.jpg 768w, https:\/\/makronkyhrave.ludekvesely.cz\/wp-content\/uploads\/2025\/01\/IMG_008529-1024x1536.jpg 1024w, https:\/\/makronkyhrave.ludekvesely.cz\/wp-content\/uploads\/2025\/01\/IMG_008529.jpg 1333w\" sizes=\"auto, (max-width: 682px) 100vw, 682px\" \/><\/figure><div class=\"wp-block-media-text__content\">\n<p>K&nbsp;mandlov\u00e9 mouce <strong>p\u0159esej mou\u010dkov\u00fd cukr.<\/strong> Op\u011bt plat\u00ed, \u017ee p\u0159\u00edpadn\u00e9 hrudky mus\u00ed\u0161 zne\u0161kodnit&nbsp;.<\/p>\n<\/div><\/div>\n\n\n\n<div class=\"wp-block-media-text is-stacked-on-mobile is-image-fill-element\"><figure class=\"wp-block-media-text__media\"><img loading=\"lazy\" decoding=\"async\" width=\"682\" height=\"1024\" src=\"https:\/\/makronkyhrave.ludekvesely.cz\/wp-content\/uploads\/2025\/01\/IMG_008532-682x1024.jpg\" alt=\"\" class=\"wp-image-198 size-full\" style=\"object-position:56% 69%\" srcset=\"https:\/\/makronkyhrave.ludekvesely.cz\/wp-content\/uploads\/2025\/01\/IMG_008532-682x1024.jpg 682w, https:\/\/makronkyhrave.ludekvesely.cz\/wp-content\/uploads\/2025\/01\/IMG_008532-200x300.jpg 200w, https:\/\/makronkyhrave.ludekvesely.cz\/wp-content\/uploads\/2025\/01\/IMG_008532-768x1152.jpg 768w, https:\/\/makronkyhrave.ludekvesely.cz\/wp-content\/uploads\/2025\/01\/IMG_008532-1024x1536.jpg 1024w, https:\/\/makronkyhrave.ludekvesely.cz\/wp-content\/uploads\/2025\/01\/IMG_008532.jpg 1333w\" sizes=\"auto, (max-width: 682px) 100vw, 682px\" \/><\/figure><div class=\"wp-block-media-text__content\">\n<p>Sm\u011bs d\u016fkladn\u011b <strong>prom\u00edchej<\/strong> metli\u010dkou. Pokud chce\u0161, p\u0159idej do sm\u011bsy <strong>ko\u0159en\u00ed<\/strong>.<\/p>\n<\/div><\/div>\n\n\n\n<div class=\"wp-block-media-text is-stacked-on-mobile is-image-fill-element\"><figure class=\"wp-block-media-text__media\"><img loading=\"lazy\" decoding=\"async\" width=\"682\" height=\"1024\" src=\"https:\/\/makronkyhrave.ludekvesely.cz\/wp-content\/uploads\/2025\/01\/IMG_008535-682x1024.jpg\" alt=\"\" class=\"wp-image-195 size-full\" style=\"object-position:43% 70%\" srcset=\"https:\/\/makronkyhrave.ludekvesely.cz\/wp-content\/uploads\/2025\/01\/IMG_008535-682x1024.jpg 682w, https:\/\/makronkyhrave.ludekvesely.cz\/wp-content\/uploads\/2025\/01\/IMG_008535-200x300.jpg 200w, https:\/\/makronkyhrave.ludekvesely.cz\/wp-content\/uploads\/2025\/01\/IMG_008535-768x1152.jpg 768w, https:\/\/makronkyhrave.ludekvesely.cz\/wp-content\/uploads\/2025\/01\/IMG_008535-1024x1536.jpg 1024w, https:\/\/makronkyhrave.ludekvesely.cz\/wp-content\/uploads\/2025\/01\/IMG_008535.jpg 1333w\" sizes=\"auto, (max-width: 682px) 100vw, 682px\" \/><\/figure><div class=\"wp-block-media-text__content\">\n<p>P\u0159iprav si <strong>cukr\u00e1\u0159sk\u00fd s\u00e1\u010dek.<\/strong> Ust\u0159ihni konec, vlo\u017e zbob\u00edc\u00ed \u0161pi\u010dku a cel\u00fd s\u00e1\u010dek dej do vysok\u00e9 sklenice. Okraje s\u00e1\u010dku ohr\u0148 p\u0159es okraje sklenice. Pou\u017eij vy\u0161\u0161\u00ed, ne\u017e j\u00e1 na obr\u00e1zku \ud83d\ude42<\/p>\n<\/div><\/div>\n\n\n\n<div class=\"wp-block-media-text is-stacked-on-mobile is-image-fill-element\"><figure class=\"wp-block-media-text__media\"><img loading=\"lazy\" decoding=\"async\" width=\"682\" height=\"1024\" src=\"https:\/\/makronkyhrave.ludekvesely.cz\/wp-content\/uploads\/2025\/01\/IMG_008537-682x1024.jpg\" alt=\"\" class=\"wp-image-193 size-full\" style=\"object-position:44% 37%\" srcset=\"https:\/\/makronkyhrave.ludekvesely.cz\/wp-content\/uploads\/2025\/01\/IMG_008537-682x1024.jpg 682w, https:\/\/makronkyhrave.ludekvesely.cz\/wp-content\/uploads\/2025\/01\/IMG_008537-200x300.jpg 200w, https:\/\/makronkyhrave.ludekvesely.cz\/wp-content\/uploads\/2025\/01\/IMG_008537-768x1152.jpg 768w, https:\/\/makronkyhrave.ludekvesely.cz\/wp-content\/uploads\/2025\/01\/IMG_008537-1024x1536.jpg 1024w, https:\/\/makronkyhrave.ludekvesely.cz\/wp-content\/uploads\/2025\/01\/IMG_008537.jpg 1333w\" sizes=\"auto, (max-width: 682px) 100vw, 682px\" \/><\/figure><div class=\"wp-block-media-text__content\">\n<p>\u017de jsou b\u00edlky vy\u0161lehan\u00e9 pozn\u00e1\u0161 takto: sn\u00edh je hoooodn\u011b tuh\u00fd, kdy\u017e ho nabere\u0161 na metlu, ud\u011bl\u00e1 kouli sn\u011bhu, kter\u00e1 m\u00e1 \u0161pi\u010dky jak je\u017eek, kter\u00e9 se <strong> skoro nehnou. <\/strong>Pokud se sn\u00edh t\u00e1hne do jedn\u00e9 dlouh\u00e9 \u0161pi\u010dky, dej ho je\u0161t\u011b \u0161lehat.<strong> <\/strong><\/p>\n\n\n\n<p>Pokud pou\u017e\u00edv\u00e1\u0161 <strong>p\u0159\u00edrodn\u00ed prachov\u00e9 barvy<\/strong>, p\u0159idej barvu do vy\u0161lehan\u00fdch b\u00edlk\u016f a nech je\u0161t\u011b chv\u00edli \u0161lehat v robotu, dokud se pr\u00e1\u0161ek hezky nerozpust\u00ed. Dej ale pozor, aby se ti pr\u00e1\u0161ek nenalepil na st\u011bnu m\u00edsy.<\/p>\n<\/div><\/div>\n\n\n\n<div class=\"wp-block-media-text is-stacked-on-mobile is-image-fill-element\"><figure class=\"wp-block-media-text__media\"><img loading=\"lazy\" decoding=\"async\" width=\"682\" height=\"1024\" src=\"https:\/\/makronkyhrave.ludekvesely.cz\/wp-content\/uploads\/2025\/01\/IMG_008538-682x1024.jpg\" alt=\"\" class=\"wp-image-192 size-full\" style=\"object-position:50% 50%\" srcset=\"https:\/\/makronkyhrave.ludekvesely.cz\/wp-content\/uploads\/2025\/01\/IMG_008538-682x1024.jpg 682w, https:\/\/makronkyhrave.ludekvesely.cz\/wp-content\/uploads\/2025\/01\/IMG_008538-200x300.jpg 200w, https:\/\/makronkyhrave.ludekvesely.cz\/wp-content\/uploads\/2025\/01\/IMG_008538-768x1152.jpg 768w, https:\/\/makronkyhrave.ludekvesely.cz\/wp-content\/uploads\/2025\/01\/IMG_008538-1024x1536.jpg 1024w, https:\/\/makronkyhrave.ludekvesely.cz\/wp-content\/uploads\/2025\/01\/IMG_008538.jpg 1333w\" sizes=\"auto, (max-width: 682px) 100vw, 682px\" \/><\/figure><div class=\"wp-block-media-text__content\">\n<p>\u00bd <strong>sypk\u00e9 sm\u011bsi vsyp do b\u00edlk\u016f <\/strong>a jemn\u011b prom\u00edchej. Pak p\u0159isyp zbytek a zase prochu m\u00edchni.<\/p>\n<\/div><\/div>\n\n\n\n<div class=\"wp-block-media-text is-stacked-on-mobile is-image-fill-element\"><figure class=\"wp-block-media-text__media\"><img loading=\"lazy\" decoding=\"async\" width=\"682\" height=\"1024\" src=\"https:\/\/makronkyhrave.ludekvesely.cz\/wp-content\/uploads\/2025\/01\/IMG_008541-682x1024.jpg\" alt=\"\" class=\"wp-image-189 size-full\" style=\"object-position:48% 59%\" srcset=\"https:\/\/makronkyhrave.ludekvesely.cz\/wp-content\/uploads\/2025\/01\/IMG_008541-682x1024.jpg 682w, https:\/\/makronkyhrave.ludekvesely.cz\/wp-content\/uploads\/2025\/01\/IMG_008541-200x300.jpg 200w, https:\/\/makronkyhrave.ludekvesely.cz\/wp-content\/uploads\/2025\/01\/IMG_008541-768x1152.jpg 768w, https:\/\/makronkyhrave.ludekvesely.cz\/wp-content\/uploads\/2025\/01\/IMG_008541-1024x1536.jpg 1024w, https:\/\/makronkyhrave.ludekvesely.cz\/wp-content\/uploads\/2025\/01\/IMG_008541.jpg 1333w\" sizes=\"auto, (max-width: 682px) 100vw, 682px\" \/><\/figure><div class=\"wp-block-media-text__content\">\n<p>Pokud chce\u0161 p\u0159idat <strong>gelovou barvu,<\/strong> nyn\u00ed je ide\u00e1ln\u00ed p\u0159\u00edle\u017eitost. V\u011bt\u0161nou sta\u010d\u00ed p\u00e1r kapek.<\/p>\n<\/div><\/div>\n\n\n\n<div class=\"wp-block-media-text is-stacked-on-mobile is-image-fill-element\"><figure class=\"wp-block-media-text__media\"><img loading=\"lazy\" decoding=\"async\" width=\"682\" height=\"1024\" src=\"https:\/\/makronkyhrave.ludekvesely.cz\/wp-content\/uploads\/2025\/01\/IMG_008542-682x1024.jpg\" alt=\"\" class=\"wp-image-188 size-full\" style=\"object-position:50% 50%\" srcset=\"https:\/\/makronkyhrave.ludekvesely.cz\/wp-content\/uploads\/2025\/01\/IMG_008542-682x1024.jpg 682w, https:\/\/makronkyhrave.ludekvesely.cz\/wp-content\/uploads\/2025\/01\/IMG_008542-200x300.jpg 200w, https:\/\/makronkyhrave.ludekvesely.cz\/wp-content\/uploads\/2025\/01\/IMG_008542-768x1152.jpg 768w, https:\/\/makronkyhrave.ludekvesely.cz\/wp-content\/uploads\/2025\/01\/IMG_008542-1024x1536.jpg 1024w, https:\/\/makronkyhrave.ludekvesely.cz\/wp-content\/uploads\/2025\/01\/IMG_008542.jpg 1333w\" sizes=\"auto, (max-width: 682px) 100vw, 682px\" \/><\/figure><div class=\"wp-block-media-text__content\">\n<p>Nyn\u00ed t\u011bsto po\u0159\u00e1dn\u011b prom\u00edchej. \u010c\u00edm v\u00edc bude\u0161 m\u00edchat, t\u00edm v\u00edc bude t\u011bsto \u0159\u00eddnout. Ide\u00e1ln\u00ed konzistenci m\u00e1 t\u011bsto pr\u00e1v\u011b tehdy, kdy\u017e ze st\u011brky <strong>st\u00e9k\u00e1 jako med nebo l\u00e1va.<\/strong><\/p>\n\n\n\n<p>Pokud se sm\u011bs p\u0159i st\u00e9k\u00e1n\u00ed trh\u00e1, je\u0161t\u011b p\u00e1rkr\u00e1t m\u00edchni. Pokud te\u010de rychle, m\u00edchala jsi moc a u\u017e to asi nezachr\u00e1n\u00ed\u0161 \ud83d\ude41 Pokud si chce\u0161 b\u00fdt jist\u00e1, jak to m\u00e1 vypadat, mrkni na kr\u00e1tk\u00e9 <strong>video<\/strong>.<\/p>\n<\/div><\/div>\n\n\n\n<div class=\"wp-block-media-text is-stacked-on-mobile is-image-fill-element\"><figure class=\"wp-block-media-text__media\"><img loading=\"lazy\" decoding=\"async\" width=\"682\" height=\"1024\" src=\"https:\/\/makronkyhrave.ludekvesely.cz\/wp-content\/uploads\/2025\/01\/IMG_008543-682x1024.jpg\" alt=\"\" class=\"wp-image-187 size-full\" style=\"object-position:50% 71%\" srcset=\"https:\/\/makronkyhrave.ludekvesely.cz\/wp-content\/uploads\/2025\/01\/IMG_008543-682x1024.jpg 682w, https:\/\/makronkyhrave.ludekvesely.cz\/wp-content\/uploads\/2025\/01\/IMG_008543-200x300.jpg 200w, https:\/\/makronkyhrave.ludekvesely.cz\/wp-content\/uploads\/2025\/01\/IMG_008543-768x1152.jpg 768w, https:\/\/makronkyhrave.ludekvesely.cz\/wp-content\/uploads\/2025\/01\/IMG_008543-1024x1536.jpg 1024w, https:\/\/makronkyhrave.ludekvesely.cz\/wp-content\/uploads\/2025\/01\/IMG_008543.jpg 1333w\" sizes=\"auto, (max-width: 682px) 100vw, 682px\" \/><\/figure><div class=\"wp-block-media-text__content\">\n<p>Vzniklou<strong> sm\u011bs si dej do s\u00e1\u010dku<\/strong> (doporu\u010duju jen p\u016flku, l\u00e9pe se ti s&nbsp;n\u00edm bude pracovat).<\/p>\n<\/div><\/div>\n\n\n\n<div class=\"wp-block-media-text is-stacked-on-mobile is-image-fill-element\"><figure class=\"wp-block-media-text__media\"><img loading=\"lazy\" decoding=\"async\" width=\"682\" height=\"1024\" src=\"https:\/\/makronkyhrave.ludekvesely.cz\/wp-content\/uploads\/2025\/01\/IMG_008545-682x1024.jpg\" alt=\"\" class=\"wp-image-185 size-full\" style=\"object-position:52% 82%\" srcset=\"https:\/\/makronkyhrave.ludekvesely.cz\/wp-content\/uploads\/2025\/01\/IMG_008545-682x1024.jpg 682w, https:\/\/makronkyhrave.ludekvesely.cz\/wp-content\/uploads\/2025\/01\/IMG_008545-200x300.jpg 200w, https:\/\/makronkyhrave.ludekvesely.cz\/wp-content\/uploads\/2025\/01\/IMG_008545-768x1152.jpg 768w, https:\/\/makronkyhrave.ludekvesely.cz\/wp-content\/uploads\/2025\/01\/IMG_008545-1024x1536.jpg 1024w, https:\/\/makronkyhrave.ludekvesely.cz\/wp-content\/uploads\/2025\/01\/IMG_008545.jpg 1333w\" sizes=\"auto, (max-width: 682px) 100vw, 682px\" \/><\/figure><div class=\"wp-block-media-text__content\">\n<p>Makronky nast\u0159\u00edkej na plech. <strong>S\u00e1\u010dek dr\u017e kolmo k&nbsp;plechu <\/strong>(jinak by m\u011bly makronky no\u017eku k jedn\u00e9 stran\u011b).<\/p>\n<\/div><\/div>\n\n\n\n<div class=\"wp-block-media-text is-stacked-on-mobile\"><figure class=\"wp-block-media-text__media\"><video controls src=\"https:\/\/makronkyhrave.ludekvesely.cz\/wp-content\/uploads\/2025\/01\/Strikani-makronek-na-plech-1.mp4\"><\/video><\/figure><div class=\"wp-block-media-text__content\">\n<p>Ze s\u00e1\u010dku v\u017edy vytla\u010d pot\u0159ebn\u00e9 mno\u017estv\u00ed t\u011bsta (pozor, t\u011bsto se je\u0161t\u011b rozlije), pak uvolni stisk ruky a rychl\u00fdm pohybem do strany \u201eu\u0159\u00edzni\u201c \u0161pi\u010dku.<\/p>\n<\/div><\/div>\n\n\n\n<div class=\"wp-block-media-text is-stacked-on-mobile\"><figure class=\"wp-block-media-text__media\"><\/figure><div class=\"wp-block-media-text__content\">\n<p>Makronky asi zat\u00edm nejsou pln\u011b podle tv\u00fdch p\u0159edstav. Jednou rukou dr\u017e plech a druhou<strong> rovnom\u011brn\u011b bouchej zespoda do plechu.<\/strong> Makronky se v\u00edc rozlijou a zbav\u00ed\u0161 se p\u0159\u00edpadn\u00fdch \u0161pi\u010dek a vzduchov\u00fdch bublinek.<\/p>\n<\/div><\/div>\n\n\n\n<div class=\"wp-block-media-text is-stacked-on-mobile\"><figure class=\"wp-block-media-text__media\"><img loading=\"lazy\" decoding=\"async\" width=\"1024\" height=\"575\" src=\"https:\/\/makronkyhrave.ludekvesely.cz\/wp-content\/uploads\/2025\/01\/makronky-rozklepane-1024x575.jpg\" alt=\"\" class=\"wp-image-231 size-full\" srcset=\"https:\/\/makronkyhrave.ludekvesely.cz\/wp-content\/uploads\/2025\/01\/makronky-rozklepane-1024x575.jpg 1024w, https:\/\/makronkyhrave.ludekvesely.cz\/wp-content\/uploads\/2025\/01\/makronky-rozklepane-300x168.jpg 300w, https:\/\/makronkyhrave.ludekvesely.cz\/wp-content\/uploads\/2025\/01\/makronky-rozklepane-768x431.jpg 768w, https:\/\/makronkyhrave.ludekvesely.cz\/wp-content\/uploads\/2025\/01\/makronky-rozklepane-1536x862.jpg 1536w, https:\/\/makronkyhrave.ludekvesely.cz\/wp-content\/uploads\/2025\/01\/makronky-rozklepane-2048x1150.jpg 2048w\" sizes=\"auto, (max-width: 1024px) 100vw, 1024px\" \/><\/figure><div class=\"wp-block-media-text__content\">\n<p>Pokra\u010duj s&nbsp;druh\u00fdm a p\u0159\u00edpadn\u011b t\u0159et\u00edm plechem. <\/p>\n<\/div><\/div>\n\n\n\n<div class=\"wp-block-media-text is-stacked-on-mobile is-image-fill-element\"><figure class=\"wp-block-media-text__media\"><img loading=\"lazy\" decoding=\"async\" width=\"682\" height=\"1024\" src=\"https:\/\/makronkyhrave.ludekvesely.cz\/wp-content\/uploads\/2025\/01\/IMG_008552-682x1024.jpg\" alt=\"\" class=\"wp-image-178 size-full\" style=\"object-position:50% 50%\" srcset=\"https:\/\/makronkyhrave.ludekvesely.cz\/wp-content\/uploads\/2025\/01\/IMG_008552-682x1024.jpg 682w, https:\/\/makronkyhrave.ludekvesely.cz\/wp-content\/uploads\/2025\/01\/IMG_008552-200x300.jpg 200w, https:\/\/makronkyhrave.ludekvesely.cz\/wp-content\/uploads\/2025\/01\/IMG_008552-768x1152.jpg 768w, https:\/\/makronkyhrave.ludekvesely.cz\/wp-content\/uploads\/2025\/01\/IMG_008552-1024x1536.jpg 1024w, https:\/\/makronkyhrave.ludekvesely.cz\/wp-content\/uploads\/2025\/01\/IMG_008552.jpg 1333w\" sizes=\"auto, (max-width: 682px) 100vw, 682px\" \/><\/figure><div class=\"wp-block-media-text__content\">\n<p>Plechy s&nbsp;makronkama dej do trouby, a zapni <strong>horkovzduch<\/strong> na teplotu cca <strong>35-45 \u00b0C<\/strong>&nbsp;. Teplota v&nbsp;troub\u011b by nem\u011bla p\u0159es\u00e1hnout 50 \u00b0C&nbsp;. Takhle <strong>su\u0161 makronky <\/strong>cca hodinu (ale klidn\u011b i d\u00e9le, v\u017edy z\u00e1le\u017e\u00ed na okoln\u00ed vlhkosti)<\/p>\n<\/div><\/div>\n\n\n\n<div class=\"wp-block-media-text is-stacked-on-mobile\"><figure class=\"wp-block-media-text__media\"><video controls src=\"https:\/\/makronkyhrave.ludekvesely.cz\/wp-content\/uploads\/2025\/01\/hlazeni-zaschnutych-makronek.mp4\"><\/video><\/figure><div class=\"wp-block-media-text__content\">\n<p>Makronky budou spr\u00e1vn\u011b usu\u0161en\u00e9 ve chv\u00edli, kdy po nich pujde ne jen p\u0159ejet prstem, ani\u017e by se ti t\u011bsto nalepilo na prsty, ale p\u0159i lehk\u00e9m stla\u010den\u00ed makronky pozn\u00e1\u0161, \u017ee <strong>t\u011bsto uvnit\u0159 nen\u00ed u\u017e tolik tekut\u00e9 a poddajn\u00e9<\/strong>, klade v\u011bt\u0161\u00ed odpor. Nem\u011bly by b\u00fdt ale \u00fapln\u011b trvd\u00e9.<\/p>\n<\/div><\/div>\n\n\n\n<div class=\"wp-block-media-text is-stacked-on-mobile\"><figure class=\"wp-block-media-text__media\"><img loading=\"lazy\" decoding=\"async\" width=\"1024\" height=\"682\" src=\"https:\/\/makronkyhrave.ludekvesely.cz\/wp-content\/uploads\/2025\/01\/IMG_008556-1024x682.jpg\" alt=\"\" class=\"wp-image-174 size-full\" srcset=\"https:\/\/makronkyhrave.ludekvesely.cz\/wp-content\/uploads\/2025\/01\/IMG_008556-1024x682.jpg 1024w, https:\/\/makronkyhrave.ludekvesely.cz\/wp-content\/uploads\/2025\/01\/IMG_008556-300x200.jpg 300w, https:\/\/makronkyhrave.ludekvesely.cz\/wp-content\/uploads\/2025\/01\/IMG_008556-768x512.jpg 768w, https:\/\/makronkyhrave.ludekvesely.cz\/wp-content\/uploads\/2025\/01\/IMG_008556-1536x1024.jpg 1536w, https:\/\/makronkyhrave.ludekvesely.cz\/wp-content\/uploads\/2025\/01\/IMG_008556.jpg 2000w\" sizes=\"auto, (max-width: 1024px) 100vw, 1024px\" \/><\/figure><div class=\"wp-block-media-text__content\">\n<p>Makronky pe\u010d v&nbsp;p\u0159edeh\u0159\u00e1t\u00e9 troub\u011b na <strong>130-150 \u00b0C&nbsp;<\/strong> cca <strong>13-16 minut<\/strong>. Pomoct si m\u016f\u017ee\u0161 teplom\u011brem, kter\u00fd ti teplotu v&nbsp;troub\u011b ohl\u00edd\u00e1. (J\u00e1 se sna\u017e\u00edm v troub\u011b dr\u017eet 135 -140 \u00b0C&nbsp; po dobu 16 minut). Pokud je teplota moc vysok\u00e1, makronky praskaj\u00ed jako sopky. Pokud je moc n\u00edzk\u00e1, makronky jsou po upe\u010den\u00ed dut\u00e9 (co\u017e je sice chyba, ale na v\u00fdslednou radost z&nbsp;vlastn\u00edho d\u00edla to nem\u00edv\u00e1 moc velk\u00fd vliv \ud83d\ude42 )<\/p>\n<\/div><\/div>\n\n\n\n<div class=\"wp-block-media-text is-stacked-on-mobile\"><figure class=\"wp-block-media-text__media\"><img loading=\"lazy\" decoding=\"async\" width=\"1024\" height=\"682\" src=\"https:\/\/makronkyhrave.ludekvesely.cz\/wp-content\/uploads\/2025\/01\/IMG_008559-1024x682.jpg\" alt=\"\" class=\"wp-image-171 size-full\" srcset=\"https:\/\/makronkyhrave.ludekvesely.cz\/wp-content\/uploads\/2025\/01\/IMG_008559-1024x682.jpg 1024w, https:\/\/makronkyhrave.ludekvesely.cz\/wp-content\/uploads\/2025\/01\/IMG_008559-300x200.jpg 300w, https:\/\/makronkyhrave.ludekvesely.cz\/wp-content\/uploads\/2025\/01\/IMG_008559-768x512.jpg 768w, https:\/\/makronkyhrave.ludekvesely.cz\/wp-content\/uploads\/2025\/01\/IMG_008559-1536x1024.jpg 1536w, https:\/\/makronkyhrave.ludekvesely.cz\/wp-content\/uploads\/2025\/01\/IMG_008559.jpg 2000w\" sizes=\"auto, (max-width: 1024px) 100vw, 1024px\" \/><\/figure><div class=\"wp-block-media-text__content\">\n<p>Po upe\u010den\u00ed nech makronky <strong>na plechu zcela vychladnout<\/strong>. M\u011bly by pak j\u00edt kr\u00e1sn\u011b <strong>sloupnout z podlo\u017eky.<\/strong> Pokud jim ale z\u016fst\u00e1vaj\u00ed spodny p\u0159ilepen\u00e9 k podlo\u017ece (tak, jako na obr\u00e1zku), jsou nedope\u010den\u00e9.<\/p>\n<\/div><\/div>\n\n\n\n<div class=\"wp-block-media-text is-stacked-on-mobile\"><figure class=\"wp-block-media-text__media\"><\/figure><div class=\"wp-block-media-text__content\">\n<p>Makronky by m\u011bly <strong>uprost\u0159edka z\u016fstat vl\u00e1\u010dn\u00e9<\/strong>. Pokud jsou tvrd\u00e9 jako pi\u0161kot, pekla jsi je moc dlouho. Makronky ale klidn\u011b napl\u0148 a nech n\u011bkolik dn\u00ed v lednici. Od n\u00e1pln\u011b zvlhnou a mysl\u00edm, \u017ee nikdo nic nepozn\u00e1 \ud83d\ude42<\/p>\n<\/div><\/div>\n\n\n\n<p><\/p>\n","protected":false},"excerpt":{"rendered":"<p>Makronkov\u00e9 sko\u0159\u00e1pky z francouzsk\u00e9ho sn\u011bhu Dej \u0161lehat b\u00edlky &#8211; na robotu vyber st\u0159edn\u00ed stupne\u0148 ot\u00e1\u010dek. Jakmile se z&nbsp;b\u00edlk\u016f ud\u011bl\u00e1 p\u011bna jako na pivu, p\u0159idej cukr krupici. Pozor! Krupice nen\u00ed krystal \ud83d\ude42 B\u00edlky s\u00a0cukrem nech \u0161lehat cca 50 minut (z\u00e1le\u017e\u00ed, jak\u00e9ho m\u00e1\u0161 robota). St\u00e1le ale nech robota na st\u0159edn\u00ed stupe\u0148 a ot\u00e1\u010dky nezvy\u0161uj! (Na kitchenaidu d\u00e1v\u00e1m [&hellip;]<\/p>\n","protected":false},"author":1,"featured_media":0,"parent":0,"menu_order":0,"comment_status":"closed","ping_status":"closed","template":"","meta":{"footnotes":""},"class_list":["post-5","page","type-page","status-publish","hentry"],"_links":{"self":[{"href":"https:\/\/makronkyhrave.ludekvesely.cz\/index.php?rest_route=\/wp\/v2\/pages\/5","targetHints":{"allow":["GET"]}}],"collection":[{"href":"https:\/\/makronkyhrave.ludekvesely.cz\/index.php?rest_route=\/wp\/v2\/pages"}],"about":[{"href":"https:\/\/makronkyhrave.ludekvesely.cz\/index.php?rest_route=\/wp\/v2\/types\/page"}],"author":[{"embeddable":true,"href":"https:\/\/makronkyhrave.ludekvesely.cz\/index.php?rest_route=\/wp\/v2\/users\/1"}],"replies":[{"embeddable":true,"href":"https:\/\/makronkyhrave.ludekvesely.cz\/index.php?rest_route=%2Fwp%2Fv2%2Fcomments&post=5"}],"version-history":[{"count":16,"href":"https:\/\/makronkyhrave.ludekvesely.cz\/index.php?rest_route=\/wp\/v2\/pages\/5\/revisions"}],"predecessor-version":[{"id":257,"href":"https:\/\/makronkyhrave.ludekvesely.cz\/index.php?rest_route=\/wp\/v2\/pages\/5\/revisions\/257"}],"wp:attachment":[{"href":"https:\/\/makronkyhrave.ludekvesely.cz\/index.php?rest_route=%2Fwp%2Fv2%2Fmedia&parent=5"}],"curies":[{"name":"wp","href":"https:\/\/api.w.org\/{rel}","templated":true}]}}