{"id":85,"date":"2025-01-12T19:51:08","date_gmt":"2025-01-12T19:51:08","guid":{"rendered":"https:\/\/makronkyhrave.ludekvesely.cz\/?page_id=85"},"modified":"2025-01-14T10:39:28","modified_gmt":"2025-01-14T10:39:28","slug":"suroviny","status":"publish","type":"page","link":"https:\/\/makronkyhrave.ludekvesely.cz\/?page_id=85","title":{"rendered":"Suroviny"},"content":{"rendered":"\n<p style=\"margin-top:0;margin-right:0;margin-bottom:0;margin-left:0\">U surovin plat\u00ed: <strong>NEVYLEP\u0160UJTE, NE\u0160ET\u0158ETE A NENAHRAZUJTE!<\/strong> V\u017edy odva\u017eujte p\u0159esn\u00e9 mno\u017estv\u00ed podle receptu.<\/p>\n\n\n\n<div class=\"wp-block-media-text alignwide is-stacked-on-mobile\"><figure class=\"wp-block-media-text__media\"><img loading=\"lazy\" decoding=\"async\" width=\"1024\" height=\"682\" src=\"https:\/\/makronkyhrave.ludekvesely.cz\/wp-content\/uploads\/2025\/01\/flour-3636553_1280-1024x682.jpg\" alt=\"\" class=\"wp-image-87 size-full\" srcset=\"https:\/\/makronkyhrave.ludekvesely.cz\/wp-content\/uploads\/2025\/01\/flour-3636553_1280-1024x682.jpg 1024w, https:\/\/makronkyhrave.ludekvesely.cz\/wp-content\/uploads\/2025\/01\/flour-3636553_1280-300x200.jpg 300w, https:\/\/makronkyhrave.ludekvesely.cz\/wp-content\/uploads\/2025\/01\/flour-3636553_1280-768x512.jpg 768w, https:\/\/makronkyhrave.ludekvesely.cz\/wp-content\/uploads\/2025\/01\/flour-3636553_1280.jpg 1280w\" sizes=\"auto, (max-width: 1024px) 100vw, 1024px\" \/><\/figure><div class=\"wp-block-media-text__content\">\n<p class=\"is-style-text-subtitle is-style-text-subtitle--1\">Mandlov\u00e1 mouka<\/p>\n\n\n\n<p class=\"has-medium-font-size\">Pokud se V\u00e1m nechce mouka objedn\u00e1vat, m\u016f\u017eete klidn\u011b sko\u010dit do obchodu (po\u0159\u00eddit byste m\u011bli v Kauflandu, nebo t\u0159eba i DM). V obchodech ale mandlov\u00e9 mouky b\u00fdvaj\u00ed relativn\u011b drah\u00e9. <\/p>\n\n\n\n<p class=\"has-small-font-size\"> Moj\u00ed st\u00e1lic\u00ed je Diana X-fine. Nemus\u00edm j\u00ed mixovat, sta\u010d\u00ed p\u0159es\u00edt.  <\/p>\n\n\n\n<p class=\"has-medium-font-size\">Po otev\u0159en\u00ed je nutn\u00e9 mouku dob\u0159e zad\u011blat, aby nezvrhla, a uchov\u00e1vat v&nbsp;lednici.<\/p>\n<\/div><\/div>\n\n\n\n<div class=\"wp-block-media-text alignwide is-stacked-on-mobile is-image-fill-element\"><figure class=\"wp-block-media-text__media\"><img loading=\"lazy\" decoding=\"async\" width=\"848\" height=\"1280\" src=\"https:\/\/makronkyhrave.ludekvesely.cz\/wp-content\/uploads\/2025\/01\/eggs-2010119_1280.jpg\" alt=\"\" class=\"wp-image-88 size-full\" style=\"object-position:59% 67%\" srcset=\"https:\/\/makronkyhrave.ludekvesely.cz\/wp-content\/uploads\/2025\/01\/eggs-2010119_1280.jpg 848w, https:\/\/makronkyhrave.ludekvesely.cz\/wp-content\/uploads\/2025\/01\/eggs-2010119_1280-199x300.jpg 199w, https:\/\/makronkyhrave.ludekvesely.cz\/wp-content\/uploads\/2025\/01\/eggs-2010119_1280-678x1024.jpg 678w, https:\/\/makronkyhrave.ludekvesely.cz\/wp-content\/uploads\/2025\/01\/eggs-2010119_1280-768x1159.jpg 768w\" sizes=\"auto, (max-width: 848px) 100vw, 848px\" \/><\/figure><div class=\"wp-block-media-text__content\">\n<p class=\"is-style-text-subtitle is-style-text-subtitle--2\">Vaje\u010dn\u00e9 b\u00edlky<\/p>\n\n\n\n<p class=\"has-medium-font-size\">Pokud d\u011bl\u00e1m francouzsk\u00fd sn\u00edh, b\u00edlky si p\u0159ipravuji ve\u010der p\u0159ed pe\u010den\u00edm a nech\u00e1v\u00e1m je na lince do druh\u00e9ho dne \u201eodpa\u0159it\u201c. Jsou hust\u0161\u00ed a sn\u00edh z&nbsp;nich je stabiln\u011bj\u0161\u00ed. P\u0159ijde mi to lep\u0161\u00ed, ne\u017e do receptu p\u0159id\u00e1vat albumin (su\u0161en\u00fd vaje\u010dn\u00fd b\u00edlek). <\/p>\n\n\n\n<p class=\"has-medium-font-size\">Pokud do receptu pot\u0159ebuji 125g b\u00edlk\u016f, p\u0159iprav\u00edm si jich klidn\u011b 150g. Vody se z&nbsp;nich odpa\u0159\u00ed opravdu hodn\u011b.<\/p>\n\n\n\n<p class=\"has-medium-font-size\">Do italsk\u00e9ho sn\u011bhu m\u016f\u017eete klidn\u011b pou\u017e\u00edt b\u00edlky neodpa\u0159en\u00e9. M\u011bly by ale m\u00edt pokojovou teplotu.<\/p>\n<\/div><\/div>\n\n\n\n<div class=\"wp-block-media-text alignwide is-stacked-on-mobile\"><figure class=\"wp-block-media-text__media\"><img loading=\"lazy\" decoding=\"async\" width=\"1024\" height=\"768\" src=\"https:\/\/makronkyhrave.ludekvesely.cz\/wp-content\/uploads\/2025\/01\/sugar-485045_1280-1024x768.jpg\" alt=\"\" class=\"wp-image-89 size-full\" srcset=\"https:\/\/makronkyhrave.ludekvesely.cz\/wp-content\/uploads\/2025\/01\/sugar-485045_1280-1024x768.jpg 1024w, https:\/\/makronkyhrave.ludekvesely.cz\/wp-content\/uploads\/2025\/01\/sugar-485045_1280-300x225.jpg 300w, https:\/\/makronkyhrave.ludekvesely.cz\/wp-content\/uploads\/2025\/01\/sugar-485045_1280-768x576.jpg 768w, https:\/\/makronkyhrave.ludekvesely.cz\/wp-content\/uploads\/2025\/01\/sugar-485045_1280.jpg 1280w\" sizes=\"auto, (max-width: 1024px) 100vw, 1024px\" \/><\/figure><div class=\"wp-block-media-text__content\">\n<p class=\"is-style-text-subtitle is-style-text-subtitle--3\">Cukr Krupice<\/p>\n\n\n\n<p class=\"has-medium-font-size\">Pamartujte, \u017ee krupice nen\u00ed krystal. Krupice je jemn\u011bj\u0161\u00ed a mnohem l\u00e9pe se vy\u0161leh\u00e1.&nbsp;<\/p>\n<\/div><\/div>\n\n\n\n<div class=\"wp-block-media-text alignwide is-stacked-on-mobile\"><figure class=\"wp-block-media-text__media\"><img loading=\"lazy\" decoding=\"async\" width=\"1024\" height=\"683\" src=\"https:\/\/makronkyhrave.ludekvesely.cz\/wp-content\/uploads\/2025\/01\/sieve-1262922_1280-1024x683.jpg\" alt=\"\" class=\"wp-image-90 size-full\" srcset=\"https:\/\/makronkyhrave.ludekvesely.cz\/wp-content\/uploads\/2025\/01\/sieve-1262922_1280-1024x683.jpg 1024w, https:\/\/makronkyhrave.ludekvesely.cz\/wp-content\/uploads\/2025\/01\/sieve-1262922_1280-300x200.jpg 300w, https:\/\/makronkyhrave.ludekvesely.cz\/wp-content\/uploads\/2025\/01\/sieve-1262922_1280-768x512.jpg 768w, https:\/\/makronkyhrave.ludekvesely.cz\/wp-content\/uploads\/2025\/01\/sieve-1262922_1280.jpg 1280w\" sizes=\"auto, (max-width: 1024px) 100vw, 1024px\" \/><\/figure><div class=\"wp-block-media-text__content\">\n<p class=\"is-style-text-subtitle is-style-text-subtitle--4\">Cukr mou\u010dka<\/p>\n\n\n\n<p class=\"has-medium-font-size\">Posta\u010d\u00ed oby\u010dejn\u00fd cukr mou\u010dka. Jen aby nebyl zvlhl\u00fd a zrudkovat\u011bl\u00fd.<\/p>\n<\/div><\/div>\n\n\n\n<div class=\"wp-block-media-text alignwide is-stacked-on-mobile\"><figure class=\"wp-block-media-text__media\"><img loading=\"lazy\" decoding=\"async\" width=\"1024\" height=\"686\" src=\"https:\/\/makronkyhrave.ludekvesely.cz\/wp-content\/uploads\/2025\/01\/holi-300343_1280-1024x686.jpg\" alt=\"\" class=\"wp-image-95 size-full\" srcset=\"https:\/\/makronkyhrave.ludekvesely.cz\/wp-content\/uploads\/2025\/01\/holi-300343_1280-1024x686.jpg 1024w, https:\/\/makronkyhrave.ludekvesely.cz\/wp-content\/uploads\/2025\/01\/holi-300343_1280-300x201.jpg 300w, https:\/\/makronkyhrave.ludekvesely.cz\/wp-content\/uploads\/2025\/01\/holi-300343_1280-768x514.jpg 768w, https:\/\/makronkyhrave.ludekvesely.cz\/wp-content\/uploads\/2025\/01\/holi-300343_1280.jpg 1280w\" sizes=\"auto, (max-width: 1024px) 100vw, 1024px\" \/><\/figure><div class=\"wp-block-media-text__content\">\n<p class=\"is-style-text-subtitle is-style-text-subtitle--5\">Potravin\u00e1\u0159sk\u00e9 barvivo<\/p>\n\n\n\n<p>Ur\u010dit\u011b nedoporu\u010d\u00edm potravin\u00e1\u0159sk\u00e1 barviva z obchodu, b\u011bhem pe\u010den\u00ed v\u011bt\u0161inou zm\u011bn\u00ed barvu do hn\u011bda. Rad\u011bji objedn\u00e1vejte na cukr\u00e1\u0159sk\u00fdch obchodem.Volit m\u016f\u017eete bu\u010f gelov\u00e9(t\u011bch sta\u010d\u00ed v\u011bt\u0161inou p\u00e1r kapek), nebo prachov\u00e9. V\u00edce o barv\u00e1ch a zdoben\u00ed najde\u0161 tady.<\/p>\n<\/div><\/div>\n\n\n\n<p><\/p>\n","protected":false},"excerpt":{"rendered":"<p>U surovin plat\u00ed: NEVYLEP\u0160UJTE, NE\u0160ET\u0158ETE A NENAHRAZUJTE! V\u017edy odva\u017eujte p\u0159esn\u00e9 mno\u017estv\u00ed podle receptu. Mandlov\u00e1 mouka Pokud se V\u00e1m nechce mouka objedn\u00e1vat, m\u016f\u017eete klidn\u011b sko\u010dit do obchodu (po\u0159\u00eddit byste m\u011bli v Kauflandu, nebo t\u0159eba i DM). V obchodech ale mandlov\u00e9 mouky b\u00fdvaj\u00ed relativn\u011b drah\u00e9. Moj\u00ed st\u00e1lic\u00ed je Diana X-fine. Nemus\u00edm j\u00ed mixovat, sta\u010d\u00ed p\u0159es\u00edt. Po otev\u0159en\u00ed [&hellip;]<\/p>\n","protected":false},"author":1,"featured_media":0,"parent":0,"menu_order":0,"comment_status":"closed","ping_status":"closed","template":"","meta":{"footnotes":""},"class_list":["post-85","page","type-page","status-publish","hentry"],"_links":{"self":[{"href":"https:\/\/makronkyhrave.ludekvesely.cz\/index.php?rest_route=\/wp\/v2\/pages\/85","targetHints":{"allow":["GET"]}}],"collection":[{"href":"https:\/\/makronkyhrave.ludekvesely.cz\/index.php?rest_route=\/wp\/v2\/pages"}],"about":[{"href":"https:\/\/makronkyhrave.ludekvesely.cz\/index.php?rest_route=\/wp\/v2\/types\/page"}],"author":[{"embeddable":true,"href":"https:\/\/makronkyhrave.ludekvesely.cz\/index.php?rest_route=\/wp\/v2\/users\/1"}],"replies":[{"embeddable":true,"href":"https:\/\/makronkyhrave.ludekvesely.cz\/index.php?rest_route=%2Fwp%2Fv2%2Fcomments&post=85"}],"version-history":[{"count":10,"href":"https:\/\/makronkyhrave.ludekvesely.cz\/index.php?rest_route=\/wp\/v2\/pages\/85\/revisions"}],"predecessor-version":[{"id":140,"href":"https:\/\/makronkyhrave.ludekvesely.cz\/index.php?rest_route=\/wp\/v2\/pages\/85\/revisions\/140"}],"wp:attachment":[{"href":"https:\/\/makronkyhrave.ludekvesely.cz\/index.php?rest_route=%2Fwp%2Fv2%2Fmedia&parent=85"}],"curies":[{"name":"wp","href":"https:\/\/api.w.org\/{rel}","templated":true}]}}